{"id":152,"date":"2023-07-31T15:56:54","date_gmt":"2023-07-31T15:56:54","guid":{"rendered":"https:\/\/gestioentitats.cat\/?page_id=152"},"modified":"2025-06-25T07:18:22","modified_gmt":"2025-06-25T07:18:22","slug":"politica-de-cookies-es","status":"publish","type":"page","link":"https:\/\/gestioentitats.cat\/es\/politica-de-cookies-es\/","title":{"rendered":"Pol\u00edtica de cookies"},"content":{"rendered":"<h3 class=\"wp-block-heading\"><strong>INTRODUCCI\u00d3N<\/strong><\/h3>\n\n\n\n<p>La web de <strong>GESTI\u00d3 D\u2019ENTITATS<\/strong> utiliza cookies propias y de terceros. Una cookie es un archivo que se descarga en su ordenador al acceder a determinadas p\u00e1ginas web. Las cookies permiten a una p\u00e1gina web, entre otras cosas, almacenar y recuperar informaci\u00f3n sobre los h\u00e1bitos de navegaci\u00f3n de un usuario o de su equipo y, dependiendo de la informaci\u00f3n que contengan y de la forma en que utilice su equipo, pueden utilizarse para reconocer al usuario. Las cookies se asocian \u00fanicamente a un usuario an\u00f3nimo y a su ordenador o dispositivo y no proporcionan referencias que permitan conocer sus datos personales.<\/p>\n\n\n\n<p>El usuario puede, en todo momento, aceptar o rechazar las cookies instaladas que no sean estrictamente necesarias para el correcto funcionamiento de la web y el acceso del Usuario a sus servicios, a trav\u00e9s del panel de ajuste de cookies proporcionado en nuestra web. Asimismo, podr\u00e1 configurar su navegador en cualquier momento sin que ello perjudique la posibilidad del Usuario de acceder a los contenidos. No obstante, le informamos de que rechazar las cookies puede disminuir el buen funcionamiento de la web.<\/p>\n\n\n\n<hr class=\"wp-block-separator has-alpha-channel-opacity\"\/>\n\n\n\n<h3 class=\"wp-block-heading\"><strong>COOKIES AFECTADAS POR LA NORMATIVA Y COOKIES EXENTAS<\/strong><\/h3>\n\n\n\n<p>Seg\u00fan la directiva de la UE, las cookies que requieren el consentimiento informado por parte del usuario son las cookies de an\u00e1lisis y las de publicidad y afiliaci\u00f3n, quedando exceptuadas las de car\u00e1cter t\u00e9cnico y las necesarias para el funcionamiento del sitio web o la prestaci\u00f3n de servicios expresamente solicitados por el usuario.<\/p>\n\n\n\n<hr class=\"wp-block-separator has-alpha-channel-opacity\"\/>\n\n\n\n<h3 class=\"wp-block-heading\"><strong>TIPOS DE COOKIES<\/strong><\/h3>\n\n\n\n<p><strong>a)<\/strong> Seg\u00fan la entidad que las gestione, existen:<\/p>\n\n\n\n<ul class=\"wp-block-list\">\n<li><strong>Cookies propias<\/strong>: aquellas que se env\u00edan al equipo terminal del usuario desde un equipo o dominio gestionado por el propio editor y desde el cual se presta el servicio solicitado por el usuario.<\/li>\n\n\n\n<li><strong>Cookies de terceros<\/strong>: aquellas que se env\u00edan al equipo terminal del usuario desde un equipo o dominio que no es gestionado por el editor, sino por otra entidad que trata los datos obtenidos mediante las cookies.<\/li>\n<\/ul>\n\n\n\n<p><strong>b)<\/strong> Seg\u00fan el tiempo que permanecen activas, se clasifican en:<\/p>\n\n\n\n<ul class=\"wp-block-list\">\n<li><strong>Cookies de sesi\u00f3n<\/strong>: dise\u00f1adas para recabar y almacenar datos mientras el usuario accede a una p\u00e1gina web.<\/li>\n\n\n\n<li><strong>Cookies persistentes<\/strong>: en las que los datos siguen almacenados en el terminal y pueden ser accedidos y tratados durante un periodo definido por el responsable de la cookie, que puede ir desde unos minutos hasta varios a\u00f1os.<\/li>\n<\/ul>\n\n\n\n<p><strong>c)<\/strong> Seg\u00fan la finalidad para la que tratan la informaci\u00f3n que recopilan:<\/p>\n\n\n\n<ul class=\"wp-block-list\">\n<li><strong>Cookies t\u00e9cnicas<\/strong>: necesarias para el uso de la web y la prestaci\u00f3n del servicio contratado.<\/li>\n\n\n\n<li><strong>Cookies de personalizaci\u00f3n<\/strong>: permiten al usuario acceder al servicio con caracter\u00edsticas predefinidas como el idioma, tipo de navegador, configuraci\u00f3n regional, etc.<\/li>\n\n\n\n<li><strong>Cookies de an\u00e1lisis<\/strong>: recogen informaci\u00f3n sobre el uso que se hace del sitio web.<\/li>\n\n\n\n<li><strong>Cookies publicitarias<\/strong>: recogen informaci\u00f3n sobre las preferencias y elecciones personales de los usuarios.<\/li>\n\n\n\n<li><strong>Cookies de afiliados<\/strong>: permiten hacer un seguimiento de las visitas procedentes de otras webs con las que el sitio web establece un contrato de afiliaci\u00f3n.<\/li>\n<\/ul>\n\n\n\n<p><strong>TIPOS DE COOKIES UTILITZADAS PARA ESTE SITIO WEB<\/strong><\/p>\n\n\n\n<figure class=\"wp-block-table\"><table><thead><tr><th>Nombre<\/th><th>Proveidor<\/th><th>Prop\u00f3sito<\/th><th>Caducidad<\/th><th>Tipos<\/th><\/tr><\/thead><tbody><tr><td>CookieConsent<\/td><td><a target=\"_blank\" rel=\"noreferrer noopener\" href=\"https:\/\/www.cookiebot.com\/goto\/privacy-policy\/\">Cookiebot<\/a><\/td><td>Stores the user&#8217;s cookie consent state for the current domain<\/td><td>1 a\u00f1os<\/td><td>HTTP Cookie<\/td><\/tr><\/tbody><\/table><\/figure>\n\n\n\n<h3 class=\"wp-block-heading\"><strong>REVOCACI\u00d3N<\/strong><\/h3>\n\n\n\n<p>En todo momento podr\u00e1 acceder a la configuraci\u00f3n de su navegador aceptando o rechazando todas las cookies, o bien seleccionar aquellas cuya instalaci\u00f3n admite y las que no, siguiendo uno de los siguientes procedimientos, seg\u00fan el navegador que utilice:<\/p>\n\n\n\n<p><strong>Google Chrome<\/strong> (en el Men\u00fa Herramientas):<br><strong>Configuraci\u00f3n &gt; Mostrar opciones avanzadas &gt; Privacidad (Configuraci\u00f3n de contenido) &gt; Cookies<\/strong><\/p>\n\n\n\n<figure class=\"wp-block-embed\"><div class=\"wp-block-embed__wrapper\">\nhttps:\/\/support.google.com\/chrome\/answer\/95647?co=GENIE.Platform%3DDesktop&#038;hl=es\n<\/div><\/figure>\n\n\n\n<p><strong>Microsoft Edge<\/strong> (en el Men\u00fa Configuraci\u00f3n):<br><strong>Configuraci\u00f3n &gt; Cookies y permisos del sitio<\/strong><br><a class=\"\" href=\"edge:\/\/settings\/content\/cookies\">edge:\/\/settings\/content\/cookies<\/a><\/p>\n\n\n\n<p><strong>Firefox<\/strong>:<br><strong>Opciones &gt; Privacidad &gt; Cookies<\/strong><\/p>\n\n\n\n<figure class=\"wp-block-embed\"><div class=\"wp-block-embed__wrapper\">\nhttps:\/\/support.mozilla.org\/es\/kb\/habilitar-y-deshabilitar-cookies-sitios-web-rastrear-preferencias\n<\/div><\/figure>\n\n\n\n<p><strong>Safari, iPad i iPhone:<\/strong><\/p>\n\n\n\n<p>Preferencias > Privacidad<\/p>\n\n\n\n<figure class=\"wp-block-embed\"><div class=\"wp-block-embed__wrapper\">\nhttps:\/\/support.apple.com\/kb\/ph21411?locale=es_ES\n<\/div><\/figure>\n\n\n\n<p><strong>Opera<\/strong>:<br><strong>Configuraci\u00f3n &gt; Opciones &gt; Avanzado &gt; Cookies<\/strong><br><a class=\"\" href=\"http:\/\/help.opera.com\/Windows\/12.00\/es-ES\/cookies.html\">http:\/\/help.opera.com\/Windows\/12.00\/es-ES\/cookies.html<\/a><\/p>\n\n\n\n<p>Estos navegadores est\u00e1n sujetos a actualizaciones o modificaciones, por lo que no podemos garantizar que se ajusten completamente a la versi\u00f3n de su navegador. Tambi\u00e9n puede que utilice otro navegador no contemplado en estos enlaces como Konqueror, Arora, Flock, etc. Para evitar estos desajustes, puede acceder directamente desde las opciones de su navegador, generalmente en el men\u00fa de \u201cOpciones\u201d en la secci\u00f3n de \u201cPrivacidad\u201d (por favor, consulte la ayuda de su navegador para m\u00e1s informaci\u00f3n).<\/p>\n\n\n\n<hr class=\"wp-block-separator has-alpha-channel-opacity\"\/>\n\n\n\n<h3 class=\"wp-block-heading\">CAMBIOS EN LA PRESENTE POL\u00cdTICA DE COOKIES<\/h3>\n\n\n\n<p>GESTI\u00d3 D\u2019ENTITATS se reserva el derecho a modificar la presente pol\u00edtica para adaptarla a novedades legislativas o jurisprudenciales.<\/p>\n\n\n\n<hr class=\"wp-block-separator has-alpha-channel-opacity\"\/>\n\n\n\n<h3 class=\"wp-block-heading\">DESACTIVACI\u00d3N\/ACTIVACI\u00d3N Y ELIMINACI\u00d3N DE COOKIES<\/h3>\n\n\n\n<p>Para restringir o bloquear las cookies, debe hacerlo a trav\u00e9s de la configuraci\u00f3n del navegador.<\/p>\n\n\n\n<p>Si no desea que los sitios web coloquen ninguna cookie en su equipo, puede configurar el navegador para que le notifique antes de que se instale cualquier cookie. De igual forma, puede configurar el navegador para que rechace todas las cookies, o \u00fanicamente las de terceros. Tambi\u00e9n puede eliminar cualquiera de las cookies que ya se encuentren en su dispositivo.<\/p>\n\n\n\n<p>Recuerde que tendr\u00e1 que adaptar la configuraci\u00f3n por separado para cada navegador y dispositivo que utilice.<\/p>\n\n\n\n<p>Tenga en cuenta que si no desea recibir cookies, no podemos garantizar que nuestro sitio web funcione correctamente. Es posible que algunas funciones del sitio se pierdan y que ya no pueda visualizar ciertos contenidos. Adem\u00e1s, rechazar las cookies no significa que ya no ver\u00e1 anuncios, simplemente los anuncios no estar\u00e1n personalizados seg\u00fan sus intereses y podr\u00edan repetirse con mayor frecuencia.<\/p>\n\n\n\n<p>Cada navegador tiene un m\u00e9todo distinto para configurar el rechazo de cookies. Consulte la funci\u00f3n de ayuda de su navegador si lo necesita.<\/p>\n\n\n\n<p>Para desactivar las cookies en su tel\u00e9fono m\u00f3vil, por favor consulte el manual del dispositivo para m\u00e1s informaci\u00f3n.<\/p>\n\n\n\n<p>Puede obtener m\u00e1s informaci\u00f3n sobre las cookies en Internet en: <a class=\"\" href=\"http:\/\/www.aboutcookies.org\/\">http:\/\/www.aboutcookies.org\/<\/a><\/p>\n\n\n\n<p>Teniendo en cuenta c\u00f3mo funciona Internet y los sitios web, no siempre disponemos de informaci\u00f3n sobre las cookies que puedan colocar terceros a trav\u00e9s de nuestro sitio web. Esto se aplica especialmente cuando nuestra web contiene lo que se denominan elementos integrados: textos, documentos, im\u00e1genes o v\u00eddeos que se almacenan en otra parte, pero que se muestran en nuestro sitio web.<\/p>\n\n\n\n<p>Por tanto, si encuentra este tipo de cookies en nuestro sitio web y no est\u00e1n enumeradas anteriormente, le rogamos que nos lo comunique. O bien, p\u00f3ngase en contacto directamente con el tercero para obtener informaci\u00f3n sobre las cookies que instala, su finalidad y duraci\u00f3n, y c\u00f3mo ha garantizado su privacidad.<\/p>\n\n\n\n<h3 class=\"wp-block-heading\">INFORMACI\u00d3N RELACIONADA CON EL TRATAMIENTO DE DATOS PERSONALES (ART. 13 RGPD)<\/h3>\n\n\n\n<p><strong>\u00bfQui\u00e9n es el responsable del tratamiento de sus datos personales?<\/strong><\/p>\n\n\n\n<p>GESTI\u00d3 D\u2019ENTITATS es el responsable del tratamiento de los datos personales que usted nos proporciona, con domicilio en Passeig Verdaguer, 146 ent., 08700 Igualada, Barcelona, y con CIF B02642809. Tel\u00e9fono: 639479311. Correo electr\u00f3nico de contacto: <a>admin@softovi.com<\/a>.<\/p>\n\n\n\n<p><strong>\u00bfPara qu\u00e9 utilizamos sus datos personales?<\/strong><\/p>\n\n\n\n<p>La informaci\u00f3n recopilada a trav\u00e9s de las cookies propias (cookies de sesi\u00f3n y de entrada de usuario) se suele utilizar para rastrear las acciones del usuario al completar formularios en l\u00ednea en diversas p\u00e1ginas, o como carrito de la compra para seguir los art\u00edculos que el usuario ha seleccionado al hacer clic en un bot\u00f3n, o para personalizar la interfaz del usuario al visitar la p\u00e1gina web.<\/p>\n\n\n\n<p>La informaci\u00f3n recopilada a trav\u00e9s de cookies de terceros es la siguiente:<\/p>\n\n\n\n<ul class=\"wp-block-list\">\n<li>A trav\u00e9s de las cookies anal\u00edticas se analizan sus h\u00e1bitos de navegaci\u00f3n para mejorar los servicios prestados;<\/li>\n\n\n\n<li>A trav\u00e9s de las cookies de comportamiento se recopila informaci\u00f3n sobre las preferencias del usuario para gestionar los espacios publicitarios de la forma m\u00e1s eficaz posible; y<\/li>\n\n\n\n<li>A trav\u00e9s de las cookies publicitarias se mide el rendimiento de los anuncios y se proporcionan recomendaciones relativas a productos basadas en datos estad\u00edsticos.<\/li>\n<\/ul>\n\n\n\n<p>Para ver con exactitud el uso de las cookies, consulte la tabla sobre el uso de cookies en el presente documento.<\/p>\n\n\n\n<p><strong>\u00bfCu\u00e1l es la base legal para el tratamiento de sus datos personales?<\/strong><\/p>\n\n\n\n<p>La legitimaci\u00f3n para el tratamiento de sus datos personales se basa en su consentimiento, otorgado en el momento de ponerse en contacto con nosotros, para la utilizaci\u00f3n de cookies anal\u00edticas, de comportamiento y publicitarias. Para las cookies de sesi\u00f3n o de personalizaci\u00f3n, la legitimaci\u00f3n para el tratamiento se basa en el inter\u00e9s leg\u00edtimo del prestador (responsable del tratamiento).<\/p>\n\n\n\n<p><strong>\u00bfA qui\u00e9n comunicamos sus datos?<\/strong><\/p>\n\n\n\n<p>No se ceder\u00e1n ni comunicar\u00e1n datos a terceros, salvo por obligaci\u00f3n legal o a los terceros indicados en caso de uso de cookies gestionadas por ellos.<\/p>\n\n\n\n<p><strong>\u00bfCu\u00e1l es el plazo de conservaci\u00f3n de sus datos?<\/strong><\/p>\n\n\n\n<p>El plazo de conservaci\u00f3n de los datos recopilados es el indicado en la tabla sobre el uso de cookies en el presente documento.<\/p>\n\n\n\n<p><strong>\u00bfCu\u00e1les son sus derechos?<\/strong><\/p>\n\n\n\n<p>Los derechos que asisten al usuario son los de acceso, rectificaci\u00f3n, supresi\u00f3n, portabilidad de los datos, retirada del consentimiento (sin que ello afecte a la licitud del tratamiento basada en el consentimiento previo a su retirada), oposici\u00f3n al tratamiento, limitaci\u00f3n (en determinadas circunstancias), y a presentar una reclamaci\u00f3n ante la autoridad de control (la Agencia Espa\u00f1ola de Protecci\u00f3n de Datos, <a class=\"\" href=\"http:\/\/www.aepd.es\">www.aepd.es<\/a>).<\/p>","protected":false},"excerpt":{"rendered":"<p>INTRODUCCI\u00d3N La web de GESTI\u00d3 D\u2019ENTITATS utiliza cookies propias y de terceros. Una cookie es un archivo que se descarga en su ordenador al acceder a determinadas p\u00e1ginas web. Las cookies permiten a una p\u00e1gina web, entre otras cosas, almacenar y recuperar informaci\u00f3n sobre los h\u00e1bitos de navegaci\u00f3n de un usuario o de su equipo&hellip; <br \/> <a class=\"read-more\" href=\"https:\/\/gestioentitats.cat\/es\/politica-de-cookies-es\/\">Read more<\/a><\/p>","protected":false},"author":1,"featured_media":0,"parent":0,"menu_order":0,"comment_status":"closed","ping_status":"closed","template":"","meta":{"om_disable_all_campaigns":false,"_monsterinsights_skip_tracking":false,"_monsterinsights_sitenote_active":false,"_monsterinsights_sitenote_note":"","_monsterinsights_sitenote_category":0,"footnotes":""},"class_list":["post-152","page","type-page","status-publish","hentry"],"yoast_head":"<!-- This site is optimized with the Yoast SEO plugin v25.3 - https:\/\/yoast.com\/wordpress\/plugins\/seo\/ -->\n<title>Pol\u00edtica de cookies - Gesti\u00f3 d&#039;entitats<\/title>\n<meta name=\"robots\" content=\"index, follow, max-snippet:-1, max-image-preview:large, max-video-preview:-1\" \/>\n<link rel=\"canonical\" href=\"https:\/\/gestioentitats.cat\/es\/politica-de-cookies-es\/\" \/>\n<meta property=\"og:locale\" content=\"es_ES\" \/>\n<meta property=\"og:type\" content=\"article\" \/>\n<meta property=\"og:title\" content=\"Pol\u00edtica de cookies - Gesti\u00f3 d&#039;entitats\" \/>\n<meta property=\"og:description\" content=\"INTRODUCCI\u00d3N La web de GESTI\u00d3 D\u2019ENTITATS utiliza cookies propias y de terceros. Una cookie es un archivo que se descarga en su ordenador al acceder a determinadas p\u00e1ginas web. Las cookies permiten a una p\u00e1gina web, entre otras cosas, almacenar y recuperar informaci\u00f3n sobre los h\u00e1bitos de navegaci\u00f3n de un usuario o de su equipo&hellip; Read more\" \/>\n<meta property=\"og:url\" content=\"https:\/\/gestioentitats.cat\/es\/politica-de-cookies-es\/\" \/>\n<meta property=\"og:site_name\" content=\"Gesti\u00f3 d&#039;entitats\" \/>\n<meta property=\"article:modified_time\" content=\"2025-06-25T07:18:22+00:00\" \/>\n<meta name=\"twitter:card\" content=\"summary_large_image\" \/>\n<meta name=\"twitter:label1\" content=\"Tiempo de lectura\" \/>\n\t<meta name=\"twitter:data1\" content=\"8 minutos\" \/>\n<script type=\"application\/ld+json\" class=\"yoast-schema-graph\">{\"@context\":\"https:\/\/schema.org\",\"@graph\":[{\"@type\":\"WebPage\",\"@id\":\"https:\/\/gestioentitats.cat\/politica-de-cookies-es\/\",\"url\":\"https:\/\/gestioentitats.cat\/politica-de-cookies-es\/\",\"name\":\"Pol\u00edtica de cookies - Gesti\u00f3 d&#039;entitats\",\"isPartOf\":{\"@id\":\"https:\/\/gestioentitats.cat\/#website\"},\"datePublished\":\"2023-07-31T15:56:54+00:00\",\"dateModified\":\"2025-06-25T07:18:22+00:00\",\"breadcrumb\":{\"@id\":\"https:\/\/gestioentitats.cat\/politica-de-cookies-es\/#breadcrumb\"},\"inLanguage\":\"es\",\"potentialAction\":[{\"@type\":\"ReadAction\",\"target\":[\"https:\/\/gestioentitats.cat\/politica-de-cookies-es\/\"]}]},{\"@type\":\"BreadcrumbList\",\"@id\":\"https:\/\/gestioentitats.cat\/politica-de-cookies-es\/#breadcrumb\",\"itemListElement\":[{\"@type\":\"ListItem\",\"position\":1,\"name\":\"Inici\",\"item\":\"https:\/\/gestioentitats.cat\/\"},{\"@type\":\"ListItem\",\"position\":2,\"name\":\"Pol\u00edtica de cookies\"}]},{\"@type\":\"WebSite\",\"@id\":\"https:\/\/gestioentitats.cat\/#website\",\"url\":\"https:\/\/gestioentitats.cat\/\",\"name\":\"Gesti\u00f3 d&#039;entitats\",\"description\":\"Una soluci\u00f3 integral per a gestionar el dia a dia de la vostra entitat\",\"publisher\":{\"@id\":\"https:\/\/gestioentitats.cat\/#organization\"},\"potentialAction\":[{\"@type\":\"SearchAction\",\"target\":{\"@type\":\"EntryPoint\",\"urlTemplate\":\"https:\/\/gestioentitats.cat\/?s={search_term_string}\"},\"query-input\":{\"@type\":\"PropertyValueSpecification\",\"valueRequired\":true,\"valueName\":\"search_term_string\"}}],\"inLanguage\":\"es\"},{\"@type\":\"Organization\",\"@id\":\"https:\/\/gestioentitats.cat\/#organization\",\"name\":\"Gesti\u00f3 d&#039;entitats\",\"url\":\"https:\/\/gestioentitats.cat\/\",\"logo\":{\"@type\":\"ImageObject\",\"inLanguage\":\"es\",\"@id\":\"https:\/\/gestioentitats.cat\/#\/schema\/logo\/image\/\",\"url\":\"https:\/\/gestioentitats.cat\/wp-content\/uploads\/2023\/07\/cropped-logo_gran.png\",\"contentUrl\":\"https:\/\/gestioentitats.cat\/wp-content\/uploads\/2023\/07\/cropped-logo_gran.png\",\"width\":4740,\"height\":1383,\"caption\":\"Gesti\u00f3 d&#039;entitats\"},\"image\":{\"@id\":\"https:\/\/gestioentitats.cat\/#\/schema\/logo\/image\/\"}}]}<\/script>\n<!-- \/ Yoast SEO plugin. -->","yoast_head_json":{"title":"Pol\u00edtica de cookies - Gesti\u00f3 d&#039;entitats","robots":{"index":"index","follow":"follow","max-snippet":"max-snippet:-1","max-image-preview":"max-image-preview:large","max-video-preview":"max-video-preview:-1"},"canonical":"https:\/\/gestioentitats.cat\/es\/politica-de-cookies-es\/","og_locale":"es_ES","og_type":"article","og_title":"Pol\u00edtica de cookies - Gesti\u00f3 d&#039;entitats","og_description":"INTRODUCCI\u00d3N La web de GESTI\u00d3 D\u2019ENTITATS utiliza cookies propias y de terceros. Una cookie es un archivo que se descarga en su ordenador al acceder a determinadas p\u00e1ginas web. Las cookies permiten a una p\u00e1gina web, entre otras cosas, almacenar y recuperar informaci\u00f3n sobre los h\u00e1bitos de navegaci\u00f3n de un usuario o de su equipo&hellip; Read more","og_url":"https:\/\/gestioentitats.cat\/es\/politica-de-cookies-es\/","og_site_name":"Gesti\u00f3 d&#039;entitats","article_modified_time":"2025-06-25T07:18:22+00:00","twitter_card":"summary_large_image","twitter_misc":{"Tiempo de lectura":"8 minutos"},"schema":{"@context":"https:\/\/schema.org","@graph":[{"@type":"WebPage","@id":"https:\/\/gestioentitats.cat\/politica-de-cookies-es\/","url":"https:\/\/gestioentitats.cat\/politica-de-cookies-es\/","name":"Pol\u00edtica de cookies - Gesti\u00f3 d&#039;entitats","isPartOf":{"@id":"https:\/\/gestioentitats.cat\/#website"},"datePublished":"2023-07-31T15:56:54+00:00","dateModified":"2025-06-25T07:18:22+00:00","breadcrumb":{"@id":"https:\/\/gestioentitats.cat\/politica-de-cookies-es\/#breadcrumb"},"inLanguage":"es","potentialAction":[{"@type":"ReadAction","target":["https:\/\/gestioentitats.cat\/politica-de-cookies-es\/"]}]},{"@type":"BreadcrumbList","@id":"https:\/\/gestioentitats.cat\/politica-de-cookies-es\/#breadcrumb","itemListElement":[{"@type":"ListItem","position":1,"name":"Inici","item":"https:\/\/gestioentitats.cat\/"},{"@type":"ListItem","position":2,"name":"Pol\u00edtica de cookies"}]},{"@type":"WebSite","@id":"https:\/\/gestioentitats.cat\/#website","url":"https:\/\/gestioentitats.cat\/","name":"Gesti\u00f3 d&#039;entitats","description":"Una soluci\u00f3 integral per a gestionar el dia a dia de la vostra entitat","publisher":{"@id":"https:\/\/gestioentitats.cat\/#organization"},"potentialAction":[{"@type":"SearchAction","target":{"@type":"EntryPoint","urlTemplate":"https:\/\/gestioentitats.cat\/?s={search_term_string}"},"query-input":{"@type":"PropertyValueSpecification","valueRequired":true,"valueName":"search_term_string"}}],"inLanguage":"es"},{"@type":"Organization","@id":"https:\/\/gestioentitats.cat\/#organization","name":"Gesti\u00f3 d&#039;entitats","url":"https:\/\/gestioentitats.cat\/","logo":{"@type":"ImageObject","inLanguage":"es","@id":"https:\/\/gestioentitats.cat\/#\/schema\/logo\/image\/","url":"https:\/\/gestioentitats.cat\/wp-content\/uploads\/2023\/07\/cropped-logo_gran.png","contentUrl":"https:\/\/gestioentitats.cat\/wp-content\/uploads\/2023\/07\/cropped-logo_gran.png","width":4740,"height":1383,"caption":"Gesti\u00f3 d&#039;entitats"},"image":{"@id":"https:\/\/gestioentitats.cat\/#\/schema\/logo\/image\/"}}]}},"_links":{"self":[{"href":"https:\/\/gestioentitats.cat\/es\/wp-json\/wp\/v2\/pages\/152","targetHints":{"allow":["GET"]}}],"collection":[{"href":"https:\/\/gestioentitats.cat\/es\/wp-json\/wp\/v2\/pages"}],"about":[{"href":"https:\/\/gestioentitats.cat\/es\/wp-json\/wp\/v2\/types\/page"}],"author":[{"embeddable":true,"href":"https:\/\/gestioentitats.cat\/es\/wp-json\/wp\/v2\/users\/1"}],"replies":[{"embeddable":true,"href":"https:\/\/gestioentitats.cat\/es\/wp-json\/wp\/v2\/comments?post=152"}],"version-history":[{"count":8,"href":"https:\/\/gestioentitats.cat\/es\/wp-json\/wp\/v2\/pages\/152\/revisions"}],"predecessor-version":[{"id":401,"href":"https:\/\/gestioentitats.cat\/es\/wp-json\/wp\/v2\/pages\/152\/revisions\/401"}],"wp:attachment":[{"href":"https:\/\/gestioentitats.cat\/es\/wp-json\/wp\/v2\/media?parent=152"}],"curies":[{"name":"wp","href":"https:\/\/api.w.org\/{rel}","templated":true}]}}