{"id":209,"date":"2023-08-03T05:36:15","date_gmt":"2023-08-03T05:36:15","guid":{"rendered":"https:\/\/gestioentitats.cat\/?page_id=209"},"modified":"2024-06-21T14:12:59","modified_gmt":"2024-06-21T14:12:59","slug":"politica-de-privacitat-gestio-dentitats","status":"publish","type":"page","link":"https:\/\/gestioentitats.cat\/es\/politica-de-privacitat-gestio-dentitats\/","title":{"rendered":"Pol\u00edtica de Privacidad de Gesti\u00f3 d\u2019entitats"},"content":{"rendered":"<p>De conformidad con el Reglamento (UE) 2016\/679 del Parlamento Europeo y del Consejo, de 27 de abril de 2016, relativo a la protecci\u00f3n de las personas f\u00edsicas en lo que respecta al tratamiento de datos personales y a la libre circulaci\u00f3n de estos datos (Reglamento General de Protecci\u00f3n de Datos \u2013 RGPD), SOFTOVI, S.L. informa a los usuarios de la aplicaci\u00f3n GESTI\u00d3 D\u2019ENTITATS (en adelante, la Aplicaci\u00f3n), sobre el tratamiento de los datos personales que hayan facilitado voluntariamente durante el proceso de registro, acceso y utilizaci\u00f3n del servicio.&nbsp;<\/p>\n\n\n\n<ol class=\"wp-block-list\">\n<li><strong>IDENTIFICACI\u00d3N DEL RESPONSABLE DEL TRATAMIENTO.&nbsp;<\/strong><\/li>\n<\/ol>\n\n\n\n<p>SOFTOVI, SL, amb CIF B02642809, adre\u00e7a Sant Joan Baptista, 56-58 Baixos 2, Igualada (Barcelona) i email de contacte\u00a0<a href=\"mailto:admin@gestioentitats.cat\">admin@gestioentitats.cat<\/a>\u00a0, \u00e9s l&#8217;entitat responsable del tractament de les dades facilitades pels clients de l&#8217;Aplicaci\u00f3 (d&#8217;ara endavant , el\/els Usuari\/s).\u00a0Ser\u00e0 Responsable del tractament de les dades que siguin necess\u00e0ries per realitzar les gestions administratives, fiscals, comptables necess\u00e0ries per a l&#8217;empresa en virtut de la legislaci\u00f3 vigent i la gesti\u00f3 i millora de l&#8217;aplicaci\u00f3, aix\u00ed com si es disposa del consentiment fer enviaments de comunicacions comercials .<\/p>\n\n\n\n<p>Pel que fa a les dades dels&nbsp;<strong>Usuaris<\/strong>&nbsp;ChatGPT Plus\nEn lo que respecta a los datos de los Usuarios contenidos dentro de la Aplicaci\u00f3n, esta actuar\u00e1 como Encargado del tratamiento, ya que presta el servicio de gesti\u00f3n de la plataforma de gesti\u00f3n de la asociaci\u00f3n y realiza los env\u00edos de los formularios de solicitud de alta, modificaci\u00f3n y\/o env\u00edos de correos electr\u00f3nicos recordatorios de pago, del carn\u00e9 o informativos, gestiona eventos o extrae informes o listados. Entre ambas partes existe el contrato de encargado del tratamiento regulado en los t\u00e9rminos y condiciones.<\/p>\n\n\n\n<ol class=\"wp-block-list\" start=\"2\">\n<li><strong>FINALIDAD DEL TRATAMIENTO DE DATOS.&nbsp;<\/strong><\/li>\n<\/ol>\n\n\n\n<p><strong>2.1 Los datos para proceder al registro, acceso y uso posterior de la Aplicaci\u00f3n<\/strong><\/p>\n\n\n\n<p>El&nbsp;<strong>usuario<\/strong>&nbsp;deber\u00e1 facilitar, de manera voluntaria, los datos de car\u00e1cter personal:&nbsp;<\/p>\n\n\n\n<ul class=\"wp-block-list\">\n<li>datos b\u00e1sicos (nombre y apellidos, raz\u00f3n social, direcci\u00f3n, DNI\/NIF, tel\u00e9fono, correo electr\u00f3nico)<\/li>\n\n\n\n<li>datos financieros (cuenta IBAN para poder domiciliar los recibos, en caso de activaci\u00f3n del plan de servicio)<\/li>\n<\/ul>\n\n\n\n<p>Si decid\u00eds registraros con vuestra cuenta de Google, vuestros datos podr\u00e1n ser recuperados del proveedor indicado. Al hacer clic en \u201cIniciar sesi\u00f3n con Google\u201d, acept\u00e1is que dicho proveedor nos comunique los datos necesarios para realizar el registro.&nbsp;<\/p>\n\n\n\n<p><strong>2.2 Finalidades y tratamiento de los datos<\/strong><\/p>\n\n\n\n<p>Todos los datos personales ser\u00e1n incorporados en soportes automatizados titularidad de SOFTOVI, S.L., contando con las medidas t\u00e9cnicas y organizativas adecuadas para garantizar un nivel \u00f3ptimo de seguridad. La recogida, almacenamiento, modificaci\u00f3n, estructuraci\u00f3n y, en su caso, eliminaci\u00f3n de los datos proporcionados por los Usuarios constituir\u00e1n operaciones de tratamiento llevadas a cabo por el Responsable, con la finalidad de:&nbsp;<strong>.&nbsp;<\/strong>La recollida, emmagatzematge, modificaci\u00f3, estructuraci\u00f3 i, si escau, eliminaci\u00f3, de les dades proporcionades pels Usuaris, constituiran operacions de tractament dutes a terme pel Responsable, amb la finalitat de:<\/p>\n\n\n\n<ul class=\"wp-block-list\">\n<li>garantizar el correcto funcionamiento de la Aplicaci\u00f3n,&nbsp;<\/li>\n\n\n\n<li>mantener la relaci\u00f3n de prestaci\u00f3n de servicios con el Usuario<\/li>\n\n\n\n<li>para la gesti\u00f3n, administraci\u00f3n, informaci\u00f3n, prestaci\u00f3n y mejora del servicio<\/li>\n\n\n\n<li>elaborar informes anonimizados con la informaci\u00f3n del Usuario<\/li>\n\n\n\n<li>Si el Usuario as\u00ed lo ha consentido, los datos personales facilitados por el Usuario \u2013 especialmente, el correo electr\u00f3nico \u2013 podr\u00e1n utilizarse tambi\u00e9n para enviar boletines (newsletter).&nbsp;<em>)<\/em>&nbsp;, aix\u00ed com comunicacions comercials de promocions i\/o publicitat de l&#8217;Aplicaci\u00f3.&nbsp;<\/li>\n<\/ul>\n\n\n\n<p><strong>2.3 Informaci\u00f3n sobre el acceso a recursos o funciones del dispositivo<\/strong><\/p>\n\n\n\n<p>Para acceder a ciertas funcionalidades de la Aplicaci\u00f3n, se os puede solicitar vuestro permiso para acceder a determinadas funciones: colocar la imagen del asociado en vuestro perfil. Si dese\u00e1is subir una fotograf\u00eda, la Aplicaci\u00f3n os pedir\u00e1 permiso para acceder a la c\u00e1mara y a la galer\u00eda de im\u00e1genes.<\/p>\n\n\n\n<p>Siempre pod\u00e9is revocar el permiso desde los ajustes del dispositivo.&nbsp;<\/p>\n\n\n\n<ol class=\"wp-block-list\" start=\"3\">\n<li><strong>LEGITIMACI\u00d3.&nbsp;<\/strong><\/li>\n<\/ol>\n\n\n\n<p>El tratamiento de los datos del Usuario se realiza en base al consentimiento libre, espec\u00edfico, informado e inequ\u00edvoco del Usuario, puesto a su disposici\u00f3n mediante esta pol\u00edtica de privacidad, que deber\u00e1 aceptar a trav\u00e9s de una clara acci\u00f3n afirmativa, marcando la casilla correspondiente. En caso de que el Usuario no facilite a SOFTOVI, S.L. sus datos, o lo haga de forma err\u00f3nea o incompleta, no ser\u00e1 posible hacer uso de la Aplicaci\u00f3n. Esta base jur\u00eddica legitima el tratamiento de los datos. Previamente a la solicitud de informaci\u00f3n y\/o la contrataci\u00f3n de los servicios de la Aplicaci\u00f3n, se pondr\u00e1n a disposici\u00f3n del usuario los t\u00e9rminos y condiciones que rigen esta Aplicaci\u00f3n.&nbsp;&nbsp;<\/p>\n\n\n\n<ol class=\"wp-block-list\" start=\"4\">\n<li><strong>CONSERVACI\u00d3N DE LOS DATOS PERSONALES.&nbsp;<\/strong><\/li>\n<\/ol>\n\n\n\n<p>Los datos personales proporcionados por el Usuario se conservar\u00e1n en los sistemas y bases de datos del Responsable del Tratamiento mientras aquel contin\u00fae haciendo uso de la Aplicaci\u00f3n y siempre que no solicite su supresi\u00f3n. Con el fin de depurar las posibles responsabilidades derivadas del tratamiento, los datos se conservar\u00e1n por un per\u00edodo m\u00ednimo de cinco a\u00f1os.&nbsp;<\/p>\n\n\n\n<ol class=\"wp-block-list\" start=\"5\">\n<li><strong>DESTINATARIOS.&nbsp;<\/strong><\/li>\n<\/ol>\n\n\n\n<p>Los datos no se comunicar\u00e1n a ning\u00fan tercero ajeno a SOFTOVI, S.L., salvo por obligaci\u00f3n legal o, en cualquier caso, con la previa solicitud del consentimiento del Usuario. Por otro lado, SOFTOVI, S.L. podr\u00e1 dar acceso o transmitir los datos personales facilitados por el Usuario a terceros proveedores de servicios con los que haya suscrito acuerdos de encargo de tratamiento de datos, y que \u00fanicamente accedan a esta informaci\u00f3n para prestar un servicio en favor y por cuenta del Responsable.&nbsp;<\/p>\n\n\n\n<ol class=\"wp-block-list\" start=\"6\">\n<li><strong>RETENCI\u00d3N DE DATOS.&nbsp;<\/strong><\/li>\n<\/ol>\n\n\n\n<p>SOFTOVI, S.L. informa al Usuario que, como prestador del servicio de alojamiento de datos y en virtud de lo establecido en la Ley 34\/2002, de 11 de julio, de Servicios de la Sociedad de la Informaci\u00f3n y de Comercio Electr\u00f3nico (LSSI), retiene durante un per\u00edodo m\u00e1ximo de 12 meses la informaci\u00f3n imprescindible para identificar el origen de los datos alojados y el momento en que se inici\u00f3 la prestaci\u00f3n del servicio. La retenci\u00f3n de estos datos no afecta al secreto de las comunicaciones y solo pueden utilizarse en el marco de una investigaci\u00f3n criminal o para la salvaguarda de la seguridad p\u00fablica, poni\u00e9ndose a disposici\u00f3n de los jueces y\/o tribunales o del Ministerio que as\u00ed lo requiera. La comunicaci\u00f3n de datos a las Fuerzas y Cuerpos de Seguridad del Estado se realizar\u00e1 en virtud de lo dispuesto en la normativa sobre protecci\u00f3n de datos personales.&nbsp;<\/p>\n\n\n\n<ol class=\"wp-block-list\" start=\"7\">\n<li><strong>PROTECCI\u00d3N DE LA INFORMACI\u00d3N.&nbsp;<\/strong><\/li>\n<\/ol>\n\n\n\n<p>El Responsable del Tratamiento adopta las medidas necesarias para garantizar la seguridad, integridad y confidencialidad de los datos conforme a lo dispuesto en el Reglamento (UE) 2016\/679 del Parlamento Europeo y del Consejo, de 27 de abril de 2016, relativo a la protecci\u00f3n de las personas f\u00edsicas en lo que respecta al tratamiento de datos personales y a la libre circulaci\u00f3n de los mismos.\n\nSi bien el Responsable realiza copias de seguridad de los contenidos alojados en sus servidores, no se responsabiliza de la p\u00e9rdida o borrado accidental de los datos por parte de los Usuarios. Del mismo modo, no garantiza la reposici\u00f3n total de los datos eliminados por los Usuarios, ya que dichos datos podr\u00edan haber sido suprimidos y\/o modificados durante el periodo transcurrido desde la \u00faltima copia de seguridad.\n\nNo se incluye la reposici\u00f3n de los contenidos conservados en las copias de seguridad realizadas por el Responsable del Tratamiento cuando dicha p\u00e9rdida sea imputable al Usuario; en este caso, se determinar\u00e1 una tarifa en funci\u00f3n de la complejidad y el volumen de la recuperaci\u00f3n, siempre con la previa aceptaci\u00f3n del Usuario.\n\nLa reposici\u00f3n de datos eliminados solo est\u00e1 incluida en el precio del servicio cuando la p\u00e9rdida del contenido sea debida a causas atribuibles al Responsable.<em>backup)<\/em>&nbsp;, no inclouen la reposici\u00f3 dels continguts conservats a les c\u00f2pies de seguretat realitzades pel Responsable del Tractament, quan aquesta p\u00e8rdua sigui imputable a l&#8217;Usuari;&nbsp;en aquest cas, es determinar\u00e0 una tarifa d&#8217;acord amb la complexitat i el volum de la recuperaci\u00f3, sempre pr\u00e8via acceptaci\u00f3 de l&#8217;Usuari.&nbsp;La reposici\u00f3 de dades esborrades nom\u00e9s est\u00e0 inclosa en el preu del servei quan la p\u00e8rdua del contingut sigui deguda a causes atribu\u00efbles al Responsable.&nbsp;<\/p>\n\n\n\n<ol class=\"wp-block-list\" start=\"8\">\n<li><strong>DERECHOS DE LOS USUARIOS.&nbsp;<\/strong><\/li>\n<\/ol>\n\n\n\n<p>SOFTOVI, SL informa a l&#8217;Usuari que t\u00e9 a la vostra disposici\u00f3 els drets d&#8217;acc\u00e9s, rectificaci\u00f3, limitaci\u00f3, supressi\u00f3, oposici\u00f3 i portabilitat, els quals podreu exercir mitjan\u00e7ant petici\u00f3 adre\u00e7ada al correu electr\u00f2nic:&nbsp;<a href=\"mailto:admin@gestioentitats.cat\">admin@gestioentitats.cat<\/a>&nbsp;Asimismo, el usuario tiene derecho a revocar el consentimiento inicialmente prestado y a presentar reclamaciones de derechos ante la Agencia Espa\u00f1ola de Protecci\u00f3n de Datos (www.aepd.es).&nbsp;<\/p>\n\n\n\n<ol class=\"wp-block-list\" start=\"9\">\n<li><strong>COMUNICACIONES COMERCIALES POR V\u00cdA ELECTR\u00d3NICA.&nbsp;<\/strong><\/li>\n<\/ol>\n\n\n\n<p>ChatGPT Plus\nEn aplicaci\u00f3n de la LSSI (Ley de Servicios de la Sociedad de la Informaci\u00f3n), SOFTOVI, S.L. no enviar\u00e1 comunicaciones publicitarias o promocionales por correo electr\u00f3nico u otro medio de comunicaci\u00f3n electr\u00f3nica equivalente que previamente no hayan sido solicitadas o expresamente autorizadas por los destinatarios de las mismas.\n\nEn el caso de Usuarios con los que exista una relaci\u00f3n contractual, jur\u00eddica o de servicios previa, el Responsable del Tratamiento s\u00ed est\u00e1 autorizado a enviar comunicaciones comerciales referentes a productos o servicios del Responsable que sean similares a los que inicialmente fueron objeto de contrataci\u00f3n con el Usuario.\n\nEn caso de que el Usuario desee darse de baja de la recepci\u00f3n de dichas comunicaciones, podr\u00e1 hacerlo remitiendo su voluntad por correo electr\u00f3nico a: admin@gestioentitats.cat.<a href=\"mailto:admin@gestioentitats.cat\">admin@gestioentitats.cat<\/a><\/p>","protected":false},"excerpt":{"rendered":"<p>De conformitat amb el Reglament (UE) 2016\/679, del Parlament Europeu i del Consell, de 27 d&#8217;abril del 2016, relatiu a la protecci\u00f3 de les persones f\u00edsiques pel que fa al tractament de dades personals ia la lliure circulaci\u00f3 d&#8217;aquestes dades (Reglament General de Protecci\u00f3 de Dades \u2013 RGPD), SOFTOVI, SL informa els usuaris de l&#8217;aplicaci\u00f3&hellip; <br \/> <a class=\"read-more\" href=\"https:\/\/gestioentitats.cat\/es\/politica-de-privacitat-gestio-dentitats\/\">Read more<\/a><\/p>","protected":false},"author":1,"featured_media":0,"parent":0,"menu_order":0,"comment_status":"closed","ping_status":"closed","template":"","meta":{"om_disable_all_campaigns":false,"_monsterinsights_skip_tracking":false,"_monsterinsights_sitenote_active":false,"_monsterinsights_sitenote_note":"","_monsterinsights_sitenote_category":0,"footnotes":""},"class_list":["post-209","page","type-page","status-publish","hentry"],"yoast_head":"<!-- This site is optimized with the Yoast SEO plugin v25.3 - https:\/\/yoast.com\/wordpress\/plugins\/seo\/ -->\n<title>Pol\u00edtica de Privacitat Gesti\u00f3 d&#039;entitats - Gesti\u00f3 d&#039;entitats<\/title>\n<meta name=\"robots\" content=\"index, follow, max-snippet:-1, max-image-preview:large, max-video-preview:-1\" \/>\n<link rel=\"canonical\" href=\"https:\/\/gestioentitats.cat\/es\/politica-de-privacitat-gestio-dentitats\/\" \/>\n<meta property=\"og:locale\" content=\"es_ES\" \/>\n<meta property=\"og:type\" content=\"article\" \/>\n<meta property=\"og:title\" content=\"Pol\u00edtica de Privacitat Gesti\u00f3 d&#039;entitats - Gesti\u00f3 d&#039;entitats\" \/>\n<meta property=\"og:description\" content=\"De conformitat amb el Reglament (UE) 2016\/679, del Parlament Europeu i del Consell, de 27 d&#8217;abril del 2016, relatiu a la protecci\u00f3 de les persones f\u00edsiques pel que fa al tractament de dades personals ia la lliure circulaci\u00f3 d&#8217;aquestes dades (Reglament General de Protecci\u00f3 de Dades \u2013 RGPD), SOFTOVI, SL informa els usuaris de l&#8217;aplicaci\u00f3&hellip; Read more\" \/>\n<meta property=\"og:url\" content=\"https:\/\/gestioentitats.cat\/es\/politica-de-privacitat-gestio-dentitats\/\" \/>\n<meta property=\"og:site_name\" content=\"Gesti\u00f3 d&#039;entitats\" \/>\n<meta property=\"article:modified_time\" content=\"2024-06-21T14:12:59+00:00\" \/>\n<meta name=\"twitter:card\" content=\"summary_large_image\" \/>\n<meta name=\"twitter:label1\" content=\"Tiempo de lectura\" \/>\n\t<meta name=\"twitter:data1\" content=\"7 minutos\" \/>\n<script type=\"application\/ld+json\" class=\"yoast-schema-graph\">{\"@context\":\"https:\/\/schema.org\",\"@graph\":[{\"@type\":\"WebPage\",\"@id\":\"https:\/\/gestioentitats.cat\/politica-de-privacitat-gestio-dentitats\/\",\"url\":\"https:\/\/gestioentitats.cat\/politica-de-privacitat-gestio-dentitats\/\",\"name\":\"Pol\u00edtica de Privacitat Gesti\u00f3 d'entitats - Gesti\u00f3 d&#039;entitats\",\"isPartOf\":{\"@id\":\"https:\/\/gestioentitats.cat\/#website\"},\"datePublished\":\"2023-08-03T05:36:15+00:00\",\"dateModified\":\"2024-06-21T14:12:59+00:00\",\"breadcrumb\":{\"@id\":\"https:\/\/gestioentitats.cat\/politica-de-privacitat-gestio-dentitats\/#breadcrumb\"},\"inLanguage\":\"es\",\"potentialAction\":[{\"@type\":\"ReadAction\",\"target\":[\"https:\/\/gestioentitats.cat\/politica-de-privacitat-gestio-dentitats\/\"]}]},{\"@type\":\"BreadcrumbList\",\"@id\":\"https:\/\/gestioentitats.cat\/politica-de-privacitat-gestio-dentitats\/#breadcrumb\",\"itemListElement\":[{\"@type\":\"ListItem\",\"position\":1,\"name\":\"Inici\",\"item\":\"https:\/\/gestioentitats.cat\/\"},{\"@type\":\"ListItem\",\"position\":2,\"name\":\"Pol\u00edtica de Privacitat Gesti\u00f3 d&#8217;entitats\"}]},{\"@type\":\"WebSite\",\"@id\":\"https:\/\/gestioentitats.cat\/#website\",\"url\":\"https:\/\/gestioentitats.cat\/\",\"name\":\"Gesti\u00f3 d&#039;entitats\",\"description\":\"Una soluci\u00f3 integral per a gestionar el dia a dia de la vostra entitat\",\"publisher\":{\"@id\":\"https:\/\/gestioentitats.cat\/#organization\"},\"potentialAction\":[{\"@type\":\"SearchAction\",\"target\":{\"@type\":\"EntryPoint\",\"urlTemplate\":\"https:\/\/gestioentitats.cat\/?s={search_term_string}\"},\"query-input\":{\"@type\":\"PropertyValueSpecification\",\"valueRequired\":true,\"valueName\":\"search_term_string\"}}],\"inLanguage\":\"es\"},{\"@type\":\"Organization\",\"@id\":\"https:\/\/gestioentitats.cat\/#organization\",\"name\":\"Gesti\u00f3 d&#039;entitats\",\"url\":\"https:\/\/gestioentitats.cat\/\",\"logo\":{\"@type\":\"ImageObject\",\"inLanguage\":\"es\",\"@id\":\"https:\/\/gestioentitats.cat\/#\/schema\/logo\/image\/\",\"url\":\"https:\/\/gestioentitats.cat\/wp-content\/uploads\/2023\/07\/cropped-logo_gran.png\",\"contentUrl\":\"https:\/\/gestioentitats.cat\/wp-content\/uploads\/2023\/07\/cropped-logo_gran.png\",\"width\":4740,\"height\":1383,\"caption\":\"Gesti\u00f3 d&#039;entitats\"},\"image\":{\"@id\":\"https:\/\/gestioentitats.cat\/#\/schema\/logo\/image\/\"}}]}<\/script>\n<!-- \/ Yoast SEO plugin. -->","yoast_head_json":{"title":"Pol\u00edtica de Privacitat Gesti\u00f3 d'entitats - Gesti\u00f3 d&#039;entitats","robots":{"index":"index","follow":"follow","max-snippet":"max-snippet:-1","max-image-preview":"max-image-preview:large","max-video-preview":"max-video-preview:-1"},"canonical":"https:\/\/gestioentitats.cat\/es\/politica-de-privacitat-gestio-dentitats\/","og_locale":"es_ES","og_type":"article","og_title":"Pol\u00edtica de Privacitat Gesti\u00f3 d'entitats - Gesti\u00f3 d&#039;entitats","og_description":"De conformitat amb el Reglament (UE) 2016\/679, del Parlament Europeu i del Consell, de 27 d&#8217;abril del 2016, relatiu a la protecci\u00f3 de les persones f\u00edsiques pel que fa al tractament de dades personals ia la lliure circulaci\u00f3 d&#8217;aquestes dades (Reglament General de Protecci\u00f3 de Dades \u2013 RGPD), SOFTOVI, SL informa els usuaris de l&#8217;aplicaci\u00f3&hellip; Read more","og_url":"https:\/\/gestioentitats.cat\/es\/politica-de-privacitat-gestio-dentitats\/","og_site_name":"Gesti\u00f3 d&#039;entitats","article_modified_time":"2024-06-21T14:12:59+00:00","twitter_card":"summary_large_image","twitter_misc":{"Tiempo de lectura":"7 minutos"},"schema":{"@context":"https:\/\/schema.org","@graph":[{"@type":"WebPage","@id":"https:\/\/gestioentitats.cat\/politica-de-privacitat-gestio-dentitats\/","url":"https:\/\/gestioentitats.cat\/politica-de-privacitat-gestio-dentitats\/","name":"Pol\u00edtica de Privacitat Gesti\u00f3 d'entitats - Gesti\u00f3 d&#039;entitats","isPartOf":{"@id":"https:\/\/gestioentitats.cat\/#website"},"datePublished":"2023-08-03T05:36:15+00:00","dateModified":"2024-06-21T14:12:59+00:00","breadcrumb":{"@id":"https:\/\/gestioentitats.cat\/politica-de-privacitat-gestio-dentitats\/#breadcrumb"},"inLanguage":"es","potentialAction":[{"@type":"ReadAction","target":["https:\/\/gestioentitats.cat\/politica-de-privacitat-gestio-dentitats\/"]}]},{"@type":"BreadcrumbList","@id":"https:\/\/gestioentitats.cat\/politica-de-privacitat-gestio-dentitats\/#breadcrumb","itemListElement":[{"@type":"ListItem","position":1,"name":"Inici","item":"https:\/\/gestioentitats.cat\/"},{"@type":"ListItem","position":2,"name":"Pol\u00edtica de Privacitat Gesti\u00f3 d&#8217;entitats"}]},{"@type":"WebSite","@id":"https:\/\/gestioentitats.cat\/#website","url":"https:\/\/gestioentitats.cat\/","name":"Gesti\u00f3 d&#039;entitats","description":"Una soluci\u00f3 integral per a gestionar el dia a dia de la vostra entitat","publisher":{"@id":"https:\/\/gestioentitats.cat\/#organization"},"potentialAction":[{"@type":"SearchAction","target":{"@type":"EntryPoint","urlTemplate":"https:\/\/gestioentitats.cat\/?s={search_term_string}"},"query-input":{"@type":"PropertyValueSpecification","valueRequired":true,"valueName":"search_term_string"}}],"inLanguage":"es"},{"@type":"Organization","@id":"https:\/\/gestioentitats.cat\/#organization","name":"Gesti\u00f3 d&#039;entitats","url":"https:\/\/gestioentitats.cat\/","logo":{"@type":"ImageObject","inLanguage":"es","@id":"https:\/\/gestioentitats.cat\/#\/schema\/logo\/image\/","url":"https:\/\/gestioentitats.cat\/wp-content\/uploads\/2023\/07\/cropped-logo_gran.png","contentUrl":"https:\/\/gestioentitats.cat\/wp-content\/uploads\/2023\/07\/cropped-logo_gran.png","width":4740,"height":1383,"caption":"Gesti\u00f3 d&#039;entitats"},"image":{"@id":"https:\/\/gestioentitats.cat\/#\/schema\/logo\/image\/"}}]}},"_links":{"self":[{"href":"https:\/\/gestioentitats.cat\/es\/wp-json\/wp\/v2\/pages\/209","targetHints":{"allow":["GET"]}}],"collection":[{"href":"https:\/\/gestioentitats.cat\/es\/wp-json\/wp\/v2\/pages"}],"about":[{"href":"https:\/\/gestioentitats.cat\/es\/wp-json\/wp\/v2\/types\/page"}],"author":[{"embeddable":true,"href":"https:\/\/gestioentitats.cat\/es\/wp-json\/wp\/v2\/users\/1"}],"replies":[{"embeddable":true,"href":"https:\/\/gestioentitats.cat\/es\/wp-json\/wp\/v2\/comments?post=209"}],"version-history":[{"count":3,"href":"https:\/\/gestioentitats.cat\/es\/wp-json\/wp\/v2\/pages\/209\/revisions"}],"predecessor-version":[{"id":270,"href":"https:\/\/gestioentitats.cat\/es\/wp-json\/wp\/v2\/pages\/209\/revisions\/270"}],"wp:attachment":[{"href":"https:\/\/gestioentitats.cat\/es\/wp-json\/wp\/v2\/media?parent=209"}],"curies":[{"name":"wp","href":"https:\/\/api.w.org\/{rel}","templated":true}]}}