{"id":391,"date":"2025-07-09T09:18:17","date_gmt":"2025-07-09T09:18:17","guid":{"rendered":"https:\/\/gestioentitats.cat\/?page_id=391"},"modified":"2025-07-09T09:18:18","modified_gmt":"2025-07-09T09:18:18","slug":"politica-de-privadesa","status":"publish","type":"page","link":"https:\/\/gestioentitats.cat\/es\/politica-de-privadesa\/","title":{"rendered":"Pol\u00edtica de privadesa"},"content":{"rendered":"<p><strong>INTRODUCCI\u00d3N<\/strong><\/p>\n\n\n\n<p>La seva privadesa \u00e9s important per a nosaltres, aix\u00ed que mitjan\u00e7ant aquest document us expliquem quines dades recollim dels usuaris, com els utilitzem i per a qu\u00e8, entre d&#8217;altres indicacions.<\/p>\n\n\n\n<p>Per a la seva informaci\u00f3, mai demanarem m\u00e9s informaci\u00f3 de la que realment necessitarem pels serveis requerits; mai la compartirem amb tercers, excepte per obligaci\u00f3 legal o amb la seva autoritzaci\u00f3 pr\u00e8via; i mai utilitzarem les seves dades per a una altra finalitat no indicada pr\u00e8viament.<\/p>\n\n\n\n<p>Com a usuaris, haur\u00e0 de llegir atentament aquesta Pol\u00edtica de Privadesa de manera regular i sempre que introdueixi les seves dades personals, ja que aquest document pot patir modificacions per que el prestador pot modificar qualsevol tipus d&#8217;informaci\u00f3 que pogu\u00e9s apar\u00e8ixer al web per complir amb la normativa o actualitzar la pol\u00edtica, i sense que hi hagi l&#8217;obligaci\u00f3 de preavisar o posar en coneixement dels usuaris aquestes obligacions, sent suficient la publicaci\u00f3 al lloc web del prestador.<\/p>\n\n\n\n<p><strong>RESPONSABLE DEL TRACTAMENT:<\/strong><\/p>\n\n\n\n<p>Identitat:<strong>&nbsp;SOFTOVI, S.L. (<\/strong>tamb\u00e9 el prestador o <strong>GESTI\u00d3 D\u2019ENTITATS<\/strong>)<\/p>\n\n\n\n<p>NIF:<strong> B02642809<\/strong><\/p>\n\n\n\n<p>Adre\u00e7a postal:<strong>\u00a0<strong>Sant Joan Baptista, 56-58 Baixos 2, Igualada (Barcelona)<\/strong><\/strong><\/p>\n\n\n\n<p>Correu electr\u00f2nic:<strong>&nbsp;admin@softovi.com<\/strong><\/p>\n\n\n\n<p><strong>GESTI\u00d3 D\u2019ENTITATS, <\/strong>com a responsable del lloc web, de conformitat amb el que disposa el Reglament (UE) 2016\/679 de 27 d&#8217;abril de 2016 (RGPD) relatiu a la protecci\u00f3 de les persones f\u00edsiques pel que fa al tractament de dades personals i a la lliure circulaci\u00f3 d&#8217;aquestes dades i la resta de normativa vigent en mat\u00e8ria de protecci\u00f3 de dades personals, i per la Llei 34\/2002, de 11 de juliol, de Serveis de la Societat de la Informaci\u00f3 i del Comer\u00e7 Electr\u00f2nic (LSSICE), li informa que t\u00e9 implementades les mesures de seguretat necess\u00e0ries, d\u2019\u00edndole t\u00e8cnica i organitzatives, per a garantir i protegir la confidencialitat, integritat i disponibilitat de les dades introdu\u00efdes.<\/p>\n\n\n\n<p><strong>M\u00c8TODE D&#8217;OBTENCI\u00d3 DE LES DADES i DADES QUE RECAPTEM: <\/strong>Les dades que recollim, la manera com les obtenim i la finalitat s\u00f3n les seg\u00fcents:<\/p>\n\n\n\n<p><\/p>\n\n\n\n<ul class=\"wp-block-list\">\n<li><strong>Formulari de contacte:<\/strong>\n<ul class=\"wp-block-list\">\n<li><strong>Dades requerides<\/strong>: nom, email<\/li>\n\n\n\n<li><strong>Finalitat<\/strong>: per respondre a les consultes i\/o proporcionar informacions requerides per l\u2019Usuari<\/li>\n\n\n\n<li><strong>Legitimaci\u00f3<\/strong>: Consentiment de l\u2019 Usuari<\/li>\n<\/ul>\n<\/li>\n<\/ul>\n\n\n\n<ul class=\"wp-block-list\">\n<li><strong>Formulari de registre:<\/strong>\n<ul class=\"wp-block-list\">\n<li><strong>Dades requerides<\/strong>: nom de l&#8217;entitat, email<\/li>\n\n\n\n<li><strong>Finalitat<\/strong>: per la creaci\u00f3 d\u2019un compte d\u2019usuari i que pugui accedir a les funcionalitats de la web<\/li>\n\n\n\n<li><strong>Legitimaci\u00f3<\/strong>: Consentiment de l\u2019 Usuari<\/li>\n<\/ul>\n<\/li>\n\n\n\n<li><strong>Formulari de subscripci\u00f3 a la newsletter<\/strong>:\n<ul class=\"wp-block-list\">\n<li><strong>Dades requerides<\/strong>: email<\/li>\n\n\n\n<li><strong>Finalitat<\/strong>: Enviar-li informaci\u00f3 comercial del seu inter\u00e8s sobre els nostres productes i\/o serveis a trav\u00e9s del email SMS, comunitats socials o qualsevol altra mitj\u00e0 electr\u00f2nic o f\u00edsic, en cas que l\u2019Usuari ho hagi consentit expressament.<\/li>\n\n\n\n<li><strong>Legitimaci\u00f3<\/strong>: Consentiment de l\u2019Usuari<\/li>\n<\/ul>\n<\/li>\n\n\n\n<li><strong>Dur a terme la relaci\u00f3 contractual i les gestions administratives, fiscals i comptables <\/strong>an\u00e0logues i que siguin necess\u00e0ries en virtut de la legislaci\u00f3 vigent\n<ul class=\"wp-block-list\">\n<li><strong>Dades requerides<\/strong>: nom fiscal, tel\u00e8fon, direcci\u00f3, DNI\/NIF, email, dades bancaries<\/li>\n\n\n\n<li><strong>Finalitat<\/strong>: dur a terme la prestaci\u00f3 dels serveis contractats i la gesti\u00f3 comercial, fiscal i administrativa interna&nbsp;<\/li>\n\n\n\n<li><strong>Legitimaci\u00f3<\/strong>: relaci\u00f3 contractual<\/li>\n<\/ul>\n<\/li>\n<\/ul>\n\n\n\n<p>Les fotografies que estiguin penjades al web s\u00f3n propietat de <strong>GESTI\u00d3 D\u2019ENTITATS<\/strong>.<\/p>\n\n\n\n<p>Pot revocar en qualsevol moment el seu consentiment remetent un escrit amb l&#8217;assumpte &#8220;Baixa&#8221; a&nbsp; l\u2019email ressenyat a dalt.&nbsp;<\/p>\n\n\n\n<p>D&#8217;acord amb la LSSICE, <strong>GESTI\u00d3 D\u2019ENTITATS<\/strong> no realitza pr\u00e0ctiques de SPAM, per tant, no envia correus comercials per e-mail que no hagin estat pr\u00e8viament sol\u00b7licitats o autoritzats per l&#8217;Usuari. En conseq\u00fc\u00e8ncia, en totes les comunicacions que rebr\u00e0 del prestador, l&#8217;usuari t\u00e9 la possibilitat de cancel\u00b7lar el seu consentiment expr\u00e9s per rebre les nostres comunicacions.<\/p>\n\n\n\n<p>No tractarem les seves dades personals per a cap altra finalitat de les descrites excepte per obligaci\u00f3 legal o requeriment judicial.<\/p>\n\n\n\n<p>No ser\u00e0 objecte de decisions basades en tractaments automatitzats que produeixin efectes sobre les seves dades.<\/p>\n\n\n\n<p><strong>TERMINI DE CONSERVACI\u00d3 DE LES DADES:<\/strong><\/p>\n\n\n\n<p>Les seves dades es conservaran mentre duri la relaci\u00f3 comercial amb nosaltres o exerceix el seu dret de cancel\u00b7laci\u00f3 o oposici\u00f3, o limitaci\u00f3 al tractament. Tanmateix, conservarem les vostres dades en els terminis legalment previstos en les disposicions aplicables.<\/p>\n\n\n\n<p><strong>DESTINATARIS DE CESSIONS O TRANSFER\u00c8NCIES:<\/strong><\/p>\n\n\n\n<p><strong>GESTI\u00d3 D\u2019ENTITATS <\/strong>\u00fanicament facilitar\u00e0 informaci\u00f3 a les forces i cossos de seguretat sota ordre judicial o per obligaci\u00f3 d&#8217;una norma legal, sense perjudici de poder bloquejar o cancel\u00b7lar el seu compte si pot haver-hi indicis de la comissi\u00f3 d&#8217;algun delicte per part de l&#8217;usuari. La informaci\u00f3 facilitada ser\u00e0 nom\u00e9s la que disposi en aquest moment el prestador.<\/p>\n\n\n\n<p>La informaci\u00f3 que vost\u00e8 ens proporcioni a trav\u00e9s d&#8217;aquest lloc web ser\u00e0 allotjada en els servidors de <strong>GESTI\u00d3 D\u2019ENTITATS<\/strong>, contractats a l&#8217;empresa que presta el servei d\u2019allotjament de la web.&nbsp; El tractament de les dades de l&#8217;entitat es troba regulat mitjan\u00e7ant un contracte d&#8217;encarregat del tractament entre el prestador i aquesta empresa. En cap cas aquest encarregat del tractament subcontractar\u00e0 serveis que comportin algun tractament de dades per tercers sense el nostre consentiment previ.<\/p>\n\n\n\n<p>Aix\u00ed mateix, el prestador utilitza determinades eines per prestar serveis necessaris per al desenvolupament de l&#8217;activitat, podent emmagatzemar les seves dades. Aquestes eines s\u00f3n les seg\u00fcents:<\/p>\n\n\n\n<p><strong>Google Analytics: <\/strong>per realitzar un an\u00e0lisi i m\u00e8trica de l&#8217;\u00fas que els usuaris fan del web a trav\u00e9s de les cookies. La informaci\u00f3 que generen i recopilen aquestes cookies sobre l&#8217;\u00fas (incloent l&#8217;adre\u00e7a IP) ser\u00e0 directament transmesa i arxivada per Google Inc, situada a Delaware, 1600 Amphitheatre Parkway, Muntain View (Calif\u00f2rnia), CA 94043 d&#8217;Estats Units (&#8220;Google&#8221;) , en els seus servidors d&#8217;Estats Units.<\/p>\n\n\n\n<p><strong>DRETS DE LES PERSONES INTERESSADES:<\/strong><\/p>\n\n\n\n<p>Com a usuari-interessat, pot sol\u00b7licitar l&#8217;exercici dels seg\u00fcents drets davant <strong>GESTI\u00d3 D\u2019ENTITATS<\/strong> presentant un escrit a l&#8217;adre\u00e7a postal de l&#8217;encap\u00e7alament o enviant un correu electr\u00f2nic a <strong>admin@softovi.com<\/strong>, indicant com Assumpte: &#8220;PROTECCI\u00d3 DE DADES: DRETS DELS AFECTATS&#8221;.<\/p>\n\n\n\n<p>Drets:<\/p>\n\n\n\n<ul class=\"wp-block-list\">\n<li><strong>Dret d&#8217;acc\u00e9s: <\/strong>permet a l&#8217;interessat con\u00e8ixer i obtenir informaci\u00f3 sobre les seves dades de car\u00e0cter personal sotmeses a tractament.<\/li>\n\n\n\n<li><strong>Dret de rectificaci\u00f3 o supressi\u00f3<\/strong>: permet corregir errors i modificar les dades que resultin ser inexactes o incompletes.<\/li>\n\n\n\n<li><strong>Dret de cancel\u00b7laci\u00f3: <\/strong>permet que se suprimeixin les dades que siguin inadequades o excessives.<\/li>\n\n\n\n<li><strong>Dret d&#8217;oposici\u00f3: <\/strong>dret de l&#8217;interessat a que no es dugui a terme el tractament de les seves dades de car\u00e0cter personal o se cessi en el mateix.<\/li>\n\n\n\n<li><strong>Limitaci\u00f3 del tractament: <\/strong>comporta el marcat de les dades personals conservades, amb la finalitat de limitar el seu futur tractament, per a l&#8217;exercici o la defensa de reclamacions.<\/li>\n\n\n\n<li><strong>Portabilitat de les dades<\/strong>: facilitaci\u00f3 de les dades objecte de tractament a l&#8217;interessat, per tal que aquest pugui transmetre a un altre responsable, sense impediments.<\/li>\n\n\n\n<li><strong>Dret a no ser objecte de decisions individuals automatitzades (inclosa l&#8217;elaboraci\u00f3 de perfils): <\/strong>dret a no ser objecte d&#8217;una decisi\u00f3 basada en el tractament automatitzat que produeixi efectes o afecti significativament.<\/li>\n<\/ul>\n\n\n\n<p>Com a usuari, t\u00e9 dret a retirar el consentiment donat en qualsevol moment. La retirada del consentiment no afectar\u00e0 la licitud del tractament efectuat abans de la retirada del consentiment.<\/p>\n\n\n\n<p>Tamb\u00e9 t\u00e9 dret a presentar una reclamaci\u00f3 davant l&#8217;autoritat de control si considera que poden haver-se vist vulnerats els seus drets en relaci\u00f3 a la protecci\u00f3 de les seves dades (<a href=\"https:\/\/www.aepd.es\/es\">aepd.es<\/a>).<\/p>\n\n\n\n<p><strong>INFORMACI\u00d3N ADICIONAL:<\/strong><\/p>\n\n\n\n<p><strong>MESURES DE SEGURETAT<\/strong><\/p>\n\n\n\n<p>Les dades que ens faciliti es tractaran de forma confidencial. El prestador ha adoptat totes les mesures t\u00e8cniques i organitzatives i tots els nivells de protecci\u00f3 necessaris per a garantir la seguretat en el tractament de les dades i evitar la seva alteraci\u00f3, p\u00e8rdua, robatori, tractament o acc\u00e9s no autoritzat, d&#8217;acord l&#8217;estat de la tecnologia i naturalesa de les dades emmagatzemades. Aix\u00ed mateix, es garanteix tamb\u00e9 que el tractament i registre en fitxers, programes, sistemes o equips, locals i centres compleixen amb els requisits i condicions d&#8217;integritat i seguretat establertes en la normativa vigent.<\/p>\n\n\n\n<p><strong>IDIOMA&nbsp;<\/strong><\/p>\n\n\n\n<p>L&#8217;idioma aplicable a aquesta pol\u00edtica de privadesa \u00e9s el catal\u00e0. Per tant, en cas que hi hagu\u00e9s alguna contradicci\u00f3 en alguna de les versions facilitades en altres idiomes, prevaldr\u00e0 la versi\u00f3 en catal\u00e0.<\/p>\n\n\n\n<p><strong>CANVIS EN LA PRESENT POL\u00cdTICA DE PRIVADESA<\/strong><\/p>\n\n\n\n<p><strong>GESTI\u00d3 D\u2019ENTITATS<\/strong> es reserva el dret a modificar la present pol\u00edtica per adaptar-la a novetats legislatives o jurisprudencials.<\/p>\n\n\n\n<p><strong>REVOCABILITAT<\/strong><br>El consentiment prestat, tant pel tractament com per a la cessi\u00f3 de les dades dels interessats, \u00e9s revocable en qualsevol moment comunicant-ho a <strong>GESTI\u00d3 D\u2019ENTITATS<\/strong> en els termes que estableix aquesta Pol\u00edtica per a l&#8217;exercici dels drets. Aquesta revocaci\u00f3 en cap cas tindr\u00e0 car\u00e0cter retroactiu.<\/p>\n\n\n\n<p><strong>LEGISLACI\u00d3<\/strong>Amb car\u00e0cter general les relacions entre <strong>GESTI\u00d3 D\u2019ENTITATS<\/strong> amb els Usuaris dels seus serveis telem\u00e0tics, presents en aquesta web, estan sotmesos a la legislaci\u00f3 i jurisdicci\u00f3 espanyola a la qual se sotmeten expressament les parts, sent competents per a la resoluci\u00f3 de tots els conflictes derivats o relacionats amb el seu \u00fas, els Jutjats i Tribunals de <strong>Barcelona<\/strong>.<\/p>","protected":false},"excerpt":{"rendered":"<p>INTRODUCCI\u00d3 La seva privadesa \u00e9s important per a nosaltres, aix\u00ed que mitjan\u00e7ant aquest document us expliquem quines dades recollim dels usuaris, com els utilitzem i per a qu\u00e8, entre d&#8217;altres indicacions. Per a la seva informaci\u00f3, mai demanarem m\u00e9s informaci\u00f3 de la que realment necessitarem pels serveis requerits; mai la compartirem amb tercers, excepte per&hellip; <br \/> <a class=\"read-more\" href=\"https:\/\/gestioentitats.cat\/es\/politica-de-privadesa\/\">Read more<\/a><\/p>","protected":false},"author":1,"featured_media":0,"parent":0,"menu_order":0,"comment_status":"closed","ping_status":"closed","template":"","meta":{"om_disable_all_campaigns":false,"_monsterinsights_skip_tracking":false,"_monsterinsights_sitenote_active":false,"_monsterinsights_sitenote_note":"","_monsterinsights_sitenote_category":0,"footnotes":""},"class_list":["post-391","page","type-page","status-publish","hentry"],"yoast_head":"<!-- This site is optimized with the Yoast SEO plugin v25.3 - https:\/\/yoast.com\/wordpress\/plugins\/seo\/ -->\n<title>Pol\u00edtica de privadesa - Gesti\u00f3 d&#039;entitats<\/title>\n<meta name=\"robots\" content=\"index, follow, max-snippet:-1, max-image-preview:large, max-video-preview:-1\" \/>\n<link rel=\"canonical\" href=\"https:\/\/gestioentitats.cat\/es\/politica-de-privadesa\/\" \/>\n<meta property=\"og:locale\" content=\"es_ES\" \/>\n<meta property=\"og:type\" content=\"article\" \/>\n<meta property=\"og:title\" content=\"Pol\u00edtica de privadesa - Gesti\u00f3 d&#039;entitats\" \/>\n<meta property=\"og:description\" content=\"INTRODUCCI\u00d3 La seva privadesa \u00e9s important per a nosaltres, aix\u00ed que mitjan\u00e7ant aquest document us expliquem quines dades recollim dels usuaris, com els utilitzem i per a qu\u00e8, entre d&#8217;altres indicacions. Per a la seva informaci\u00f3, mai demanarem m\u00e9s informaci\u00f3 de la que realment necessitarem pels serveis requerits; mai la compartirem amb tercers, excepte per&hellip; Read more\" \/>\n<meta property=\"og:url\" content=\"https:\/\/gestioentitats.cat\/es\/politica-de-privadesa\/\" \/>\n<meta property=\"og:site_name\" content=\"Gesti\u00f3 d&#039;entitats\" \/>\n<meta property=\"article:modified_time\" content=\"2025-07-09T09:18:18+00:00\" \/>\n<meta name=\"twitter:card\" content=\"summary_large_image\" \/>\n<meta name=\"twitter:label1\" content=\"Tiempo de lectura\" \/>\n\t<meta name=\"twitter:data1\" content=\"8 minutos\" \/>\n<script type=\"application\/ld+json\" class=\"yoast-schema-graph\">{\"@context\":\"https:\/\/schema.org\",\"@graph\":[{\"@type\":\"WebPage\",\"@id\":\"https:\/\/gestioentitats.cat\/politica-de-privadesa\/\",\"url\":\"https:\/\/gestioentitats.cat\/politica-de-privadesa\/\",\"name\":\"Pol\u00edtica de privadesa - Gesti\u00f3 d&#039;entitats\",\"isPartOf\":{\"@id\":\"https:\/\/gestioentitats.cat\/#website\"},\"datePublished\":\"2025-07-09T09:18:17+00:00\",\"dateModified\":\"2025-07-09T09:18:18+00:00\",\"breadcrumb\":{\"@id\":\"https:\/\/gestioentitats.cat\/politica-de-privadesa\/#breadcrumb\"},\"inLanguage\":\"es\",\"potentialAction\":[{\"@type\":\"ReadAction\",\"target\":[\"https:\/\/gestioentitats.cat\/politica-de-privadesa\/\"]}]},{\"@type\":\"BreadcrumbList\",\"@id\":\"https:\/\/gestioentitats.cat\/politica-de-privadesa\/#breadcrumb\",\"itemListElement\":[{\"@type\":\"ListItem\",\"position\":1,\"name\":\"Inici\",\"item\":\"https:\/\/gestioentitats.cat\/\"},{\"@type\":\"ListItem\",\"position\":2,\"name\":\"Pol\u00edtica de privadesa\"}]},{\"@type\":\"WebSite\",\"@id\":\"https:\/\/gestioentitats.cat\/#website\",\"url\":\"https:\/\/gestioentitats.cat\/\",\"name\":\"Gesti\u00f3 d&#039;entitats\",\"description\":\"Una soluci\u00f3 integral per a gestionar el dia a dia de la vostra entitat\",\"publisher\":{\"@id\":\"https:\/\/gestioentitats.cat\/#organization\"},\"potentialAction\":[{\"@type\":\"SearchAction\",\"target\":{\"@type\":\"EntryPoint\",\"urlTemplate\":\"https:\/\/gestioentitats.cat\/?s={search_term_string}\"},\"query-input\":{\"@type\":\"PropertyValueSpecification\",\"valueRequired\":true,\"valueName\":\"search_term_string\"}}],\"inLanguage\":\"es\"},{\"@type\":\"Organization\",\"@id\":\"https:\/\/gestioentitats.cat\/#organization\",\"name\":\"Gesti\u00f3 d&#039;entitats\",\"url\":\"https:\/\/gestioentitats.cat\/\",\"logo\":{\"@type\":\"ImageObject\",\"inLanguage\":\"es\",\"@id\":\"https:\/\/gestioentitats.cat\/#\/schema\/logo\/image\/\",\"url\":\"https:\/\/gestioentitats.cat\/wp-content\/uploads\/2023\/07\/cropped-logo_gran.png\",\"contentUrl\":\"https:\/\/gestioentitats.cat\/wp-content\/uploads\/2023\/07\/cropped-logo_gran.png\",\"width\":4740,\"height\":1383,\"caption\":\"Gesti\u00f3 d&#039;entitats\"},\"image\":{\"@id\":\"https:\/\/gestioentitats.cat\/#\/schema\/logo\/image\/\"}}]}<\/script>\n<!-- \/ Yoast SEO plugin. -->","yoast_head_json":{"title":"Pol\u00edtica de privadesa - Gesti\u00f3 d&#039;entitats","robots":{"index":"index","follow":"follow","max-snippet":"max-snippet:-1","max-image-preview":"max-image-preview:large","max-video-preview":"max-video-preview:-1"},"canonical":"https:\/\/gestioentitats.cat\/es\/politica-de-privadesa\/","og_locale":"es_ES","og_type":"article","og_title":"Pol\u00edtica de privadesa - Gesti\u00f3 d&#039;entitats","og_description":"INTRODUCCI\u00d3 La seva privadesa \u00e9s important per a nosaltres, aix\u00ed que mitjan\u00e7ant aquest document us expliquem quines dades recollim dels usuaris, com els utilitzem i per a qu\u00e8, entre d&#8217;altres indicacions. Per a la seva informaci\u00f3, mai demanarem m\u00e9s informaci\u00f3 de la que realment necessitarem pels serveis requerits; mai la compartirem amb tercers, excepte per&hellip; Read more","og_url":"https:\/\/gestioentitats.cat\/es\/politica-de-privadesa\/","og_site_name":"Gesti\u00f3 d&#039;entitats","article_modified_time":"2025-07-09T09:18:18+00:00","twitter_card":"summary_large_image","twitter_misc":{"Tiempo de lectura":"8 minutos"},"schema":{"@context":"https:\/\/schema.org","@graph":[{"@type":"WebPage","@id":"https:\/\/gestioentitats.cat\/politica-de-privadesa\/","url":"https:\/\/gestioentitats.cat\/politica-de-privadesa\/","name":"Pol\u00edtica de privadesa - Gesti\u00f3 d&#039;entitats","isPartOf":{"@id":"https:\/\/gestioentitats.cat\/#website"},"datePublished":"2025-07-09T09:18:17+00:00","dateModified":"2025-07-09T09:18:18+00:00","breadcrumb":{"@id":"https:\/\/gestioentitats.cat\/politica-de-privadesa\/#breadcrumb"},"inLanguage":"es","potentialAction":[{"@type":"ReadAction","target":["https:\/\/gestioentitats.cat\/politica-de-privadesa\/"]}]},{"@type":"BreadcrumbList","@id":"https:\/\/gestioentitats.cat\/politica-de-privadesa\/#breadcrumb","itemListElement":[{"@type":"ListItem","position":1,"name":"Inici","item":"https:\/\/gestioentitats.cat\/"},{"@type":"ListItem","position":2,"name":"Pol\u00edtica de privadesa"}]},{"@type":"WebSite","@id":"https:\/\/gestioentitats.cat\/#website","url":"https:\/\/gestioentitats.cat\/","name":"Gesti\u00f3 d&#039;entitats","description":"Una soluci\u00f3 integral per a gestionar el dia a dia de la vostra entitat","publisher":{"@id":"https:\/\/gestioentitats.cat\/#organization"},"potentialAction":[{"@type":"SearchAction","target":{"@type":"EntryPoint","urlTemplate":"https:\/\/gestioentitats.cat\/?s={search_term_string}"},"query-input":{"@type":"PropertyValueSpecification","valueRequired":true,"valueName":"search_term_string"}}],"inLanguage":"es"},{"@type":"Organization","@id":"https:\/\/gestioentitats.cat\/#organization","name":"Gesti\u00f3 d&#039;entitats","url":"https:\/\/gestioentitats.cat\/","logo":{"@type":"ImageObject","inLanguage":"es","@id":"https:\/\/gestioentitats.cat\/#\/schema\/logo\/image\/","url":"https:\/\/gestioentitats.cat\/wp-content\/uploads\/2023\/07\/cropped-logo_gran.png","contentUrl":"https:\/\/gestioentitats.cat\/wp-content\/uploads\/2023\/07\/cropped-logo_gran.png","width":4740,"height":1383,"caption":"Gesti\u00f3 d&#039;entitats"},"image":{"@id":"https:\/\/gestioentitats.cat\/#\/schema\/logo\/image\/"}}]}},"_links":{"self":[{"href":"https:\/\/gestioentitats.cat\/es\/wp-json\/wp\/v2\/pages\/391","targetHints":{"allow":["GET"]}}],"collection":[{"href":"https:\/\/gestioentitats.cat\/es\/wp-json\/wp\/v2\/pages"}],"about":[{"href":"https:\/\/gestioentitats.cat\/es\/wp-json\/wp\/v2\/types\/page"}],"author":[{"embeddable":true,"href":"https:\/\/gestioentitats.cat\/es\/wp-json\/wp\/v2\/users\/1"}],"replies":[{"embeddable":true,"href":"https:\/\/gestioentitats.cat\/es\/wp-json\/wp\/v2\/comments?post=391"}],"version-history":[{"count":1,"href":"https:\/\/gestioentitats.cat\/es\/wp-json\/wp\/v2\/pages\/391\/revisions"}],"predecessor-version":[{"id":600,"href":"https:\/\/gestioentitats.cat\/es\/wp-json\/wp\/v2\/pages\/391\/revisions\/600"}],"wp:attachment":[{"href":"https:\/\/gestioentitats.cat\/es\/wp-json\/wp\/v2\/media?parent=391"}],"curies":[{"name":"wp","href":"https:\/\/api.w.org\/{rel}","templated":true}]}}