{"id":595,"date":"2025-07-09T09:15:47","date_gmt":"2025-07-09T09:15:47","guid":{"rendered":"https:\/\/gestioentitats.cat\/?page_id=595"},"modified":"2025-07-09T09:15:48","modified_gmt":"2025-07-09T09:15:48","slug":"avis-legal-2","status":"publish","type":"page","link":"https:\/\/gestioentitats.cat\/es\/avis-legal-2\/","title":{"rendered":"Aviso legal"},"content":{"rendered":"<p>Para dar cumplimiento al art\u00edculo 10 de la Ley 34\/2002 de Servicios de la Sociedad de la Informaci\u00f3n y del Comercio Electr\u00f3nico, informamos a los usuarios de nuestros datos:<\/p>\n\n\n\n<p>Denominaci\u00f3n Social: SOFTOVI, S.L. (en adelante tambi\u00e9n GESTI\u00d3 D\u2019ENTITATS) <strong>SOFTOVI, S.L. <\/strong>\/de ahora en adelante tambien <strong>GESTI\u00d3 D\u2019ENTITATS<\/strong>)<\/p>\n\n\n\n<p>Domicilio Social:<strong> Sant Joan Baptista, 56-58 Baixos 2, Igualada (Barcelona)<\/strong><\/p>\n\n\n\n<p>NIF: <strong>B02642809<\/strong><\/p>\n\n\n\n<p>Telefono<strong> 639479311<\/strong><\/p>\n\n\n\n<p>E-Mail: <strong>admin@softovi.com<\/strong><\/p>\n\n\n\n<p>Web: <strong>www.gestioentitats.cat<\/strong><\/p>\n\n\n\n<p>Datos Registrales: <strong>Registre Mercantil de Barcelona, al foli 151, volum 47.493, Full B-553.591, Inscripci\u00f3 1a<\/strong><\/p>\n\n\n\n<p><strong>1.- OBJETO<\/strong><\/p>\n\n\n\n<p><strong>GESTI\u00d3 D\u2019ENTITATS<\/strong>&nbsp;(En adelante tambi\u00e9n el prestador), como responsable del sitio web, pone a disposici\u00f3n de los usuarios el presente documento, que regula el uso del sitio web. <strong>www.gestioentitats.cat<\/strong>, con el cual pretendemos dar cumplimiento a las obligaciones dispuestas en la Ley 34\/2002, de Servicios de la Sociedad de la Informaci\u00f3n y del Comercio Electr\u00f3nico (LSSICE o LSSI), as\u00ed como informar a todos los usuarios del sitio web sobre cu\u00e1les son las condiciones de uso del mismo.<\/p>\n\n\n\n<p>A trav\u00e9s del web, <strong>GESTI\u00d3 D\u2019ENTITATS<\/strong> facilita a los usuarios el acceso y utilizaci\u00f3n de diferentes servicios y contenidos puestos a disposici\u00f3n a trav\u00e9s del sitio web.<\/p>\n\n\n\n<p>Toda persona que acceda a este sitio web asume el papel de usuario (en adelante, el Usuario), y ello implica la aceptaci\u00f3n total y sin reservas de todas y cada una de las disposiciones incluidas en el presente aviso legal, as\u00ed como de cualesquiera otras disposiciones legales que resulten de aplicaci\u00f3n.<\/p>\n\n\n\n<p>Como usuarios, deben leer atentamente este Aviso Legal en cada una de las ocasiones en que accedan al sitio web, ya que este puede sufrir modificaciones, dado que el prestador se reserva el derecho a modificar cualquier tipo de informaci\u00f3n que pudiera aparecer en el sitio web, sin que exista la obligaci\u00f3n de preavisar o poner en conocimiento de los usuarios dichas modificaciones, siendo suficiente la publicaci\u00f3n en el sitio web del prestador.<\/p>\n\n\n\n<p><strong>2. CONDICIONES DE ACCESO Y USO DEL SITIO WEB.<\/strong><\/p>\n\n\n\n<p><strong>2.1. Car\u00e1cter gratuito del acceso y uso del sitio web.<\/strong><\/p>\n\n\n\n<p>El uso del sitio web de <strong>GESTI\u00d3 D\u2019ENTITATS<\/strong> tiene car\u00e1cter gratuito para todos los usuarios.<\/p>\n\n\n\n<p><strong>ChatGPT Plus\n2.2. Registro de Usuario.<\/strong><\/p>\n\n\n\n<p>Con car\u00e1cter general, la prestaci\u00f3n de los Servicios no exige la previa suscripci\u00f3n o registro de los Usuarios. No obstante, GESTI\u00d3 D\u2019ENTITATS condiciona el uso de algunos de los servicios a la previa cumplimentaci\u00f3n del correspondiente registro de Usuario. Dicho registro se llevar\u00e1 a cabo en la forma expresamente indicada en la propia secci\u00f3n del servicio. <strong>GESTI\u00d3 D\u2019ENTITATS<\/strong> condiciona l&#8217;\u00fas d&#8217;alguns dels serveis a la pr\u00e8via complementaci\u00f3 del corresponent registre d&#8217;Usuari. Aquest registre s&#8217;efectuar\u00e0 en la forma expressament indicada en la pr\u00f2pia secci\u00f3 del servei.<\/p>\n\n\n\n<p><strong>2.3. Veracidad de la informaci\u00f3n.<\/strong><\/p>\n\n\n\n<p>ChatGPT Plus\nToda la informaci\u00f3n que facilite el Usuario debe ser veraz. A tal efecto, el Usuario garantiza la autenticidad de los datos comunicados a trav\u00e9s de los formularios para la suscripci\u00f3n de los Servicios. Ser\u00e1 responsabilidad del Usuario mantener toda la informaci\u00f3n facilitada a <strong>GESTI\u00d3 D\u2019ENTITATS <\/strong>permanentemente actualizada de manera que responda, en cada momento, a su situaci\u00f3n real. En todo caso, el Usuario ser\u00e1 el \u00fanico responsable de las manifestaciones falsas o inexactas que realice y de los perjuicios que cause al prestador o a terceros.<\/p>\n\n\n\n<p><strong>2.4. Menores de edad.<\/strong><\/p>\n\n\n\n<p>Para el uso de los servicios, los menores de edad deben obtener siempre previamente el consentimiento de sus padres, tutores o representantes legales, quienes son los responsables \u00faltimos de todos los actos realizados por los menores a su cargo. La responsabilidad en la determinaci\u00f3n de los contenidos concretos a los que acceden los menores corresponde a dichos adultos, por lo que, si acceden a contenidos no apropiados en Internet, deber\u00e1n establecerse en sus dispositivos mecanismos, en particular programas inform\u00e1ticos, filtros y bloqueos, que permitan limitar los contenidos disponibles y que, aunque no sean infalibles, son de especial utilidad para controlar y restringir los materiales a los que pueden acceder los menores.<\/p>\n\n\n\n<p><strong>2.5. Obligaci\u00f3n de hacer un uso correcto del sitio web.<\/strong><\/p>\n\n\n\n<p>El Usuario se compromete a utilizar el sitio web de conformidad con la Ley y el presente Aviso Legal, as\u00ed como con la moral y las buenas costumbres. En este sentido, el Usuario se abstendr\u00e1 de utilizar la p\u00e1gina con fines il\u00edcitos o prohibidos, lesivos de derechos e intereses de terceros, o que de cualquier forma puedan da\u00f1ar, inutilizar, sobrecargar, deteriorar o impedir la normal utilizaci\u00f3n de equipos inform\u00e1ticos o de documentos, archivos y toda clase de contenidos almacenados en cualquier equipo inform\u00e1tico del prestador.<\/p>\n\n\n\n<p>En particular, y a t\u00edtulo indicativo pero no exhaustivo, el Usuario se compromete a no transmitir, difundir o poner a disposici\u00f3n de terceros informaciones, datos, contenidos, mensajes, gr\u00e1ficos, dibujos, archivos de sonido o imagen, fotograf\u00edas, grabaciones, software y, en general, cualquier tipo de material que:<\/p>\n\n\n\n<ol class=\"wp-block-list\">\n<li>sea contrario, menosprecie o atente contra los derechos fundamentales y las libertades p\u00fablicas reconocidas constitucionalmente, en tratados internacionales y en otras normas vigentes;<\/li>\n\n\n\n<li>induzca, incite o promueva actuaciones delictivas, denigrantes, difamatorias, violentas o, en general, contrarias a la ley, a la moral y al orden p\u00fablico;<\/li>\n\n\n\n<li>induzca, incite o promueva actuaciones, actitudes o pensamientos discriminatorios por raz\u00f3n de sexo, raza, religi\u00f3n, creencias, edad o condici\u00f3n;<\/li>\n\n\n\n<li>sea contrario al derecho al honor, a la intimidad personal o familiar o a la propia imagen de las personas;<\/li>\n\n\n\n<li>de cualquier manera perjudique la credibilidad del prestador o de terceros; y&nbsp;<\/li>\n\n\n\n<li>constituya publicidad il\u00edcita, enga\u00f1osa o desleal.<\/li>\n<\/ol>\n\n\n\n<p><strong>3.- EXCLUSI\u00d3N DE GARANT\u00cdAS Y RESPONSABILIDAD&nbsp;<\/strong><\/p>\n\n\n\n<p>El prestador se exime de cualquier tipo de responsabilidad derivada de la informaci\u00f3n publicada en nuestro sitio web, siempre que dicha informaci\u00f3n haya sido manipulada o introducida por un tercero ajeno.<\/p>\n\n\n\n<p>Este sitio web ha sido revisado y probado para que funcione correctamente. En principio, puede garantizarse el correcto funcionamiento los 365 d\u00edas del a\u00f1o, las 24 horas del d\u00eda. No obstante, el prestador no descarta la posibilidad de que existan determinados errores de programaci\u00f3n, o que se produzcan causas de fuerza mayor, cat\u00e1strofes naturales, huelgas u otras circunstancias similares que hagan imposible el acceso al sitio web.<\/p>\n\n\n\n<p><strong>GESTI\u00d3 D\u2019ENTITATS <\/strong>no otorga ninguna garant\u00eda ni se hace responsable, en ning\u00fan caso, de los da\u00f1os y perjuicios de cualquier naturaleza que puedan derivarse de la falta de disponibilidad, mantenimiento y efectivo funcionamiento del sitio web o de sus servicios y contenidos; de la existencia de virus, programas maliciosos o da\u00f1inos en los contenidos; del uso il\u00edcito, negligente, fraudulento o contrario a este Aviso Legal y condiciones de uso; o de la falta de licitud, calidad, fiabilidad, utilidad y disponibilidad de los servicios prestados por terceros y puestos a disposici\u00f3n de los usuarios en el sitio web.<\/p>\n\n\n\n<p>El prestador no se hace responsable en ning\u00fan caso de los da\u00f1os que puedan derivarse del uso ilegal o indebido del presente sitio web.<\/p>\n\n\n\n<p><strong>4.- COOKIES&nbsp;<\/strong><\/p>\n\n\n\n<p>El sitio web del prestador puede utilizar cookies (peque\u00f1os archivos de informaci\u00f3n que el servidor env\u00eda al ordenador de quien accede a la p\u00e1gina) para llevar a cabo determinadas funciones que se consideran imprescindibles para el correcto funcionamiento y visualizaci\u00f3n del sitio.\n\nLas cookies utilizadas tienen, en todo caso, car\u00e1cter temporal, con la \u00fanica finalidad de hacer m\u00e1s eficaz la navegaci\u00f3n, y desaparecen al finalizar la sesi\u00f3n del usuario.\n\nEn ning\u00fan caso se utilizar\u00e1n las cookies para recoger informaci\u00f3n de car\u00e1cter personal. Para m\u00e1s informaci\u00f3n, consulte nuestra <a href=\"https:\/\/gestioentitats.cat\/es\/politica-de-cookies\/\" data-type=\"page\" data-id=\"152\">Pol\u00edtica de Cookies<\/a>.<\/p>\n\n\n\n<p><strong>5.- ENLACES (<\/strong><strong><em>LINKS<\/em><\/strong><strong>)<\/strong><\/p>\n\n\n\n<p>Desde el sitio web es posible que se redirija a contenidos patrocinados, anuncios y\/o enlaces de afiliados y\/o de terceros sitios web.<\/p>\n\n\n\n<p>Entre los enlaces facilitados, existe la posibilidad de informar o hacer referencia a productos y\/o servicios de terceros. Dado que desde el sitio web no podemos controlar los contenidos introducidos por terceros, <strong>GESTI\u00d3 D\u2019ENTITATS<\/strong> ChatGPT Plus\nno asume ning\u00fan tipo de responsabilidad respecto a dichos contenidos, ni garantiza la experiencia, integridad o calidad de sus productos. En todo caso, el prestador manifiesta que proceder\u00e1 a la retirada inmediata de cualquier contenido que pudiera contravenir la legislaci\u00f3n nacional o internacional, la moral o el orden p\u00fablico, procediendo a la eliminaci\u00f3n inmediata de la redirecci\u00f3n a dichos sitios web y poniendo en conocimiento de las autoridades competentes el contenido en cuesti\u00f3n.<\/p>\n\n\n\n<p><strong>GESTI\u00d3 D\u2019ENTITATS <\/strong>tendr\u00e1 publicados dichos enlaces hasta que sean eliminados o suspendidos por el prestador o por el anunciante, y no ser\u00e1 responsable aunque dichos anuncios puedan ser indexados por otros buscadores ajenos a este sitio web.<\/p>\n\n\n\n<p>El prestador no se responsabiliza de la informaci\u00f3n y contenidos almacenados, a t\u00edtulo enunciativo pero no limitativo, en foros, chats, generadores de blogs, comentarios, redes sociales o cualquier otro medio que permita a terceros publicar contenidos de forma independiente en el sitio web del prestador.\n\nNo obstante, y en cumplimiento de lo dispuesto en los art\u00edculos 11 y 16 de la LSSICE, el prestador se pone a disposici\u00f3n de todos los usuarios, autoridades y fuerzas de seguridad, y colabora de forma activa en la retirada o, cuando sea necesario, el bloqueo de todos aquellos contenidos que puedan afectar o contravenir la legislaci\u00f3n nacional o internacional, derechos de terceros o la moral y el orden p\u00fablico.\n\nEn caso de que el usuario considere que puede existir alg\u00fan contenido que pudiera ser susceptible de esta clasificaci\u00f3n, se ruega que lo comunique de forma inmediata al administrador del sitio web.<\/p>\n\n\n\n<p>No obstante, <strong>GESTI\u00d3 D\u2019ENTITATS<\/strong> le informa que cualquier relaci\u00f3n contractual o extracontractual que el usuario formalice con dichos terceros, afiliados o anunciantes mediante el enlace proporcionado por este sitio web, ser\u00e1 v\u00e1lida \u00fanica y exclusivamente entre el usuario y el anunciante y\/o tercera persona, y <strong>GESTI\u00d3 D\u2019ENTITATS<\/strong> no tendr\u00e1 ning\u00fan tipo de responsabilidad sobre los da\u00f1os o perjuicios que pudieran ser ocasionados por la prestaci\u00f3n de servicios y\/o relaciones contractuales o extracontractuales llevadas a cabo entre el usuario y los anunciantes o terceros contactados a trav\u00e9s de este portal, ya que el prestador act\u00faa \u00fanicamente como intermediario o medio publicitario.<\/p>\n\n\n\n<p><strong>6.- PROTECCI\u00d3N DE DATOS PERSONALES<\/strong><\/p>\n\n\n\n<p>El prestador est\u00e0 profundament comprom\u00e8s amb el compliment de la normativa de protecci\u00f3 de dades personals i garanteix el compliment \u00edntegre de les obligacions disposades, aix\u00ed com la implementaci\u00f3 de les mesures de seguretat disposades al Reglament Europeu de Protecci\u00f3 de dades i la normativa espanyola de protecci\u00f3 de dades. Per a m\u00e9s informaci\u00f3, veure la nostra <a href=\"https:\/\/gestioentitats.cat\/es\/politica-de-privacitat\/\" data-type=\"page\" data-id=\"139\">Pol\u00edtica de privacidad<\/a>.&nbsp;<\/p>\n\n\n\n<p><strong>7.- PROPIEDAD INTELECTUAL E INDUSTRIAL&nbsp;<\/strong><\/p>\n\n\n\n<p>El sitio web, incluyendo a t\u00edtulo enunciativo pero no limitativo: la programaci\u00f3n, edici\u00f3n, compilaci\u00f3n y dem\u00e1s elementos necesarios para su funcionamiento, los dise\u00f1os, logotipos, textos, fotograf\u00edas y\/o gr\u00e1ficos son propiedad del prestador o, en su caso, dispone de la licencia o autorizaci\u00f3n expresa por parte de los autores. Todos los contenidos del sitio web se encuentran debidamente protegidos por la normativa de<\/p>\n\n\n\n<p>ChatGPT Plus\nIndependientemente de la finalidad para la que fueran destinados, la reproducci\u00f3n total o parcial, uso, distribuci\u00f3n y comunicaci\u00f3n p\u00fablica requieren de la autorizaci\u00f3n escrita previa por parte del prestador. Cualquier uso no autorizado previamente por el prestador ser\u00e1 considerado un incumplimiento grave de los derechos de propiedad intelectual o industrial del autor.<\/p>\n\n\n\n<p>Los dise\u00f1os, logotipos, textos y\/o gr\u00e1ficos ajenos al prestador y que puedan aparecer en el sitio web pertenecen a sus respectivos propietarios, siendo ellos mismos responsables de cualquier posible controversia que pudiera surgir respecto a los mismos. En todo caso, el prestador cuenta con la autorizaci\u00f3n expresa y previa por parte de los mismos.<\/p>\n\n\n\n<p>El prestador reconoce a favor de sus titulares los correspondientes derechos de propiedad industrial e intelectual, no implicando su menci\u00f3n o aparici\u00f3n en el sitio web la existencia de derechos o responsabilidad alguna del prestador sobre los mismos, como tampoco respaldo, patrocinio o recomendaci\u00f3n por parte del mismo.<\/p>\n\n\n\n<p>Para realizar cualquier tipo de observaci\u00f3n respecto a posibles incumplimientos de los derechos de propiedad intelectual o industrial, as\u00ed como sobre cualquiera de los contenidos del sitio web, puede hacerlo a trav\u00e9s del correo electr\u00f3nico arriba indicado.<\/p>\n\n\n\n<p><strong>8.- LEY APLICABLE Y JURISDICCI\u00d3N<\/strong><\/p>\n\n\n\n<p>Para la resoluci\u00f3n de las controversias o cuestiones relacionadas con la presente p\u00e1gina web o de las actividades en ella desarrolladas, ser\u00e1 de aplicaci\u00f3n la legislaci\u00f3n espa\u00f1ola, a la que se someten expresamente las partes, siendo competentes para la resoluci\u00f3n de todos los conflictos derivados o relacionados con su uso los Juzgados y Tribunales de Barcelona.<\/p>","protected":false},"excerpt":{"rendered":"<p>Per tal de donar compliment a l&#8217;article 10 de la Llei 34\/2002 de Serveis de la Societat de la Informaci\u00f3 i del Comer\u00e7 Electr\u00f2nic, informem als usuaris de les nostres dades: Denominaci\u00f3 Social: SOFTOVI, S.L. (d&#8217;ara en endavant tamb\u00e9 GESTI\u00d3 D\u2019ENTITATS) Domicili Social: Sant Joan Baptista, 56-58 Baixos 2, Igualada (Barcelona) NIF: B02642809 Tel\u00e8fon: 639479311&hellip; <br \/> <a class=\"read-more\" href=\"https:\/\/gestioentitats.cat\/es\/avis-legal-2\/\">Read more<\/a><\/p>","protected":false},"author":1,"featured_media":0,"parent":0,"menu_order":0,"comment_status":"closed","ping_status":"closed","template":"","meta":{"om_disable_all_campaigns":false,"_monsterinsights_skip_tracking":false,"_monsterinsights_sitenote_active":false,"_monsterinsights_sitenote_note":"","_monsterinsights_sitenote_category":0,"footnotes":""},"class_list":["post-595","page","type-page","status-publish","hentry"],"yoast_head":"<!-- This site is optimized with the Yoast SEO plugin v25.3 - https:\/\/yoast.com\/wordpress\/plugins\/seo\/ -->\n<title>Av\u00eds legal - Gesti\u00f3 d&#039;entitats<\/title>\n<meta name=\"robots\" content=\"index, follow, max-snippet:-1, max-image-preview:large, max-video-preview:-1\" \/>\n<link rel=\"canonical\" href=\"https:\/\/gestioentitats.cat\/es\/avis-legal-2\/\" \/>\n<meta property=\"og:locale\" content=\"es_ES\" \/>\n<meta property=\"og:type\" content=\"article\" \/>\n<meta property=\"og:title\" content=\"Av\u00eds legal - Gesti\u00f3 d&#039;entitats\" \/>\n<meta property=\"og:description\" content=\"Per tal de donar compliment a l&#8217;article 10 de la Llei 34\/2002 de Serveis de la Societat de la Informaci\u00f3 i del Comer\u00e7 Electr\u00f2nic, informem als usuaris de les nostres dades: Denominaci\u00f3 Social: SOFTOVI, S.L. (d&#8217;ara en endavant tamb\u00e9 GESTI\u00d3 D\u2019ENTITATS) Domicili Social: Sant Joan Baptista, 56-58 Baixos 2, Igualada (Barcelona) NIF: B02642809 Tel\u00e8fon: 639479311&hellip; Read more\" \/>\n<meta property=\"og:url\" content=\"https:\/\/gestioentitats.cat\/es\/avis-legal-2\/\" \/>\n<meta property=\"og:site_name\" content=\"Gesti\u00f3 d&#039;entitats\" \/>\n<meta property=\"article:modified_time\" content=\"2025-07-09T09:15:48+00:00\" \/>\n<meta name=\"twitter:card\" content=\"summary_large_image\" \/>\n<meta name=\"twitter:label1\" content=\"Tiempo de lectura\" \/>\n\t<meta name=\"twitter:data1\" content=\"11 minutos\" \/>\n<script type=\"application\/ld+json\" class=\"yoast-schema-graph\">{\"@context\":\"https:\/\/schema.org\",\"@graph\":[{\"@type\":\"WebPage\",\"@id\":\"https:\/\/gestioentitats.cat\/avis-legal-2\/\",\"url\":\"https:\/\/gestioentitats.cat\/avis-legal-2\/\",\"name\":\"Av\u00eds legal - Gesti\u00f3 d&#039;entitats\",\"isPartOf\":{\"@id\":\"https:\/\/gestioentitats.cat\/#website\"},\"datePublished\":\"2025-07-09T09:15:47+00:00\",\"dateModified\":\"2025-07-09T09:15:48+00:00\",\"breadcrumb\":{\"@id\":\"https:\/\/gestioentitats.cat\/avis-legal-2\/#breadcrumb\"},\"inLanguage\":\"es\",\"potentialAction\":[{\"@type\":\"ReadAction\",\"target\":[\"https:\/\/gestioentitats.cat\/avis-legal-2\/\"]}]},{\"@type\":\"BreadcrumbList\",\"@id\":\"https:\/\/gestioentitats.cat\/avis-legal-2\/#breadcrumb\",\"itemListElement\":[{\"@type\":\"ListItem\",\"position\":1,\"name\":\"Inici\",\"item\":\"https:\/\/gestioentitats.cat\/\"},{\"@type\":\"ListItem\",\"position\":2,\"name\":\"Av\u00eds legal\"}]},{\"@type\":\"WebSite\",\"@id\":\"https:\/\/gestioentitats.cat\/#website\",\"url\":\"https:\/\/gestioentitats.cat\/\",\"name\":\"Gesti\u00f3 d&#039;entitats\",\"description\":\"Una soluci\u00f3 integral per a gestionar el dia a dia de la vostra entitat\",\"publisher\":{\"@id\":\"https:\/\/gestioentitats.cat\/#organization\"},\"potentialAction\":[{\"@type\":\"SearchAction\",\"target\":{\"@type\":\"EntryPoint\",\"urlTemplate\":\"https:\/\/gestioentitats.cat\/?s={search_term_string}\"},\"query-input\":{\"@type\":\"PropertyValueSpecification\",\"valueRequired\":true,\"valueName\":\"search_term_string\"}}],\"inLanguage\":\"es\"},{\"@type\":\"Organization\",\"@id\":\"https:\/\/gestioentitats.cat\/#organization\",\"name\":\"Gesti\u00f3 d&#039;entitats\",\"url\":\"https:\/\/gestioentitats.cat\/\",\"logo\":{\"@type\":\"ImageObject\",\"inLanguage\":\"es\",\"@id\":\"https:\/\/gestioentitats.cat\/#\/schema\/logo\/image\/\",\"url\":\"https:\/\/gestioentitats.cat\/wp-content\/uploads\/2023\/07\/cropped-logo_gran.png\",\"contentUrl\":\"https:\/\/gestioentitats.cat\/wp-content\/uploads\/2023\/07\/cropped-logo_gran.png\",\"width\":4740,\"height\":1383,\"caption\":\"Gesti\u00f3 d&#039;entitats\"},\"image\":{\"@id\":\"https:\/\/gestioentitats.cat\/#\/schema\/logo\/image\/\"}}]}<\/script>\n<!-- \/ Yoast SEO plugin. -->","yoast_head_json":{"title":"Av\u00eds legal - Gesti\u00f3 d&#039;entitats","robots":{"index":"index","follow":"follow","max-snippet":"max-snippet:-1","max-image-preview":"max-image-preview:large","max-video-preview":"max-video-preview:-1"},"canonical":"https:\/\/gestioentitats.cat\/es\/avis-legal-2\/","og_locale":"es_ES","og_type":"article","og_title":"Av\u00eds legal - Gesti\u00f3 d&#039;entitats","og_description":"Per tal de donar compliment a l&#8217;article 10 de la Llei 34\/2002 de Serveis de la Societat de la Informaci\u00f3 i del Comer\u00e7 Electr\u00f2nic, informem als usuaris de les nostres dades: Denominaci\u00f3 Social: SOFTOVI, S.L. (d&#8217;ara en endavant tamb\u00e9 GESTI\u00d3 D\u2019ENTITATS) Domicili Social: Sant Joan Baptista, 56-58 Baixos 2, Igualada (Barcelona) NIF: B02642809 Tel\u00e8fon: 639479311&hellip; Read more","og_url":"https:\/\/gestioentitats.cat\/es\/avis-legal-2\/","og_site_name":"Gesti\u00f3 d&#039;entitats","article_modified_time":"2025-07-09T09:15:48+00:00","twitter_card":"summary_large_image","twitter_misc":{"Tiempo de lectura":"11 minutos"},"schema":{"@context":"https:\/\/schema.org","@graph":[{"@type":"WebPage","@id":"https:\/\/gestioentitats.cat\/avis-legal-2\/","url":"https:\/\/gestioentitats.cat\/avis-legal-2\/","name":"Av\u00eds legal - Gesti\u00f3 d&#039;entitats","isPartOf":{"@id":"https:\/\/gestioentitats.cat\/#website"},"datePublished":"2025-07-09T09:15:47+00:00","dateModified":"2025-07-09T09:15:48+00:00","breadcrumb":{"@id":"https:\/\/gestioentitats.cat\/avis-legal-2\/#breadcrumb"},"inLanguage":"es","potentialAction":[{"@type":"ReadAction","target":["https:\/\/gestioentitats.cat\/avis-legal-2\/"]}]},{"@type":"BreadcrumbList","@id":"https:\/\/gestioentitats.cat\/avis-legal-2\/#breadcrumb","itemListElement":[{"@type":"ListItem","position":1,"name":"Inici","item":"https:\/\/gestioentitats.cat\/"},{"@type":"ListItem","position":2,"name":"Av\u00eds legal"}]},{"@type":"WebSite","@id":"https:\/\/gestioentitats.cat\/#website","url":"https:\/\/gestioentitats.cat\/","name":"Gesti\u00f3 d&#039;entitats","description":"Una soluci\u00f3 integral per a gestionar el dia a dia de la vostra entitat","publisher":{"@id":"https:\/\/gestioentitats.cat\/#organization"},"potentialAction":[{"@type":"SearchAction","target":{"@type":"EntryPoint","urlTemplate":"https:\/\/gestioentitats.cat\/?s={search_term_string}"},"query-input":{"@type":"PropertyValueSpecification","valueRequired":true,"valueName":"search_term_string"}}],"inLanguage":"es"},{"@type":"Organization","@id":"https:\/\/gestioentitats.cat\/#organization","name":"Gesti\u00f3 d&#039;entitats","url":"https:\/\/gestioentitats.cat\/","logo":{"@type":"ImageObject","inLanguage":"es","@id":"https:\/\/gestioentitats.cat\/#\/schema\/logo\/image\/","url":"https:\/\/gestioentitats.cat\/wp-content\/uploads\/2023\/07\/cropped-logo_gran.png","contentUrl":"https:\/\/gestioentitats.cat\/wp-content\/uploads\/2023\/07\/cropped-logo_gran.png","width":4740,"height":1383,"caption":"Gesti\u00f3 d&#039;entitats"},"image":{"@id":"https:\/\/gestioentitats.cat\/#\/schema\/logo\/image\/"}}]}},"_links":{"self":[{"href":"https:\/\/gestioentitats.cat\/es\/wp-json\/wp\/v2\/pages\/595","targetHints":{"allow":["GET"]}}],"collection":[{"href":"https:\/\/gestioentitats.cat\/es\/wp-json\/wp\/v2\/pages"}],"about":[{"href":"https:\/\/gestioentitats.cat\/es\/wp-json\/wp\/v2\/types\/page"}],"author":[{"embeddable":true,"href":"https:\/\/gestioentitats.cat\/es\/wp-json\/wp\/v2\/users\/1"}],"replies":[{"embeddable":true,"href":"https:\/\/gestioentitats.cat\/es\/wp-json\/wp\/v2\/comments?post=595"}],"version-history":[{"count":1,"href":"https:\/\/gestioentitats.cat\/es\/wp-json\/wp\/v2\/pages\/595\/revisions"}],"predecessor-version":[{"id":599,"href":"https:\/\/gestioentitats.cat\/es\/wp-json\/wp\/v2\/pages\/595\/revisions\/599"}],"wp:attachment":[{"href":"https:\/\/gestioentitats.cat\/es\/wp-json\/wp\/v2\/media?parent=595"}],"curies":[{"name":"wp","href":"https:\/\/api.w.org\/{rel}","templated":true}]}}